{"id":6561,"date":"2025-09-21T19:29:58","date_gmt":"2025-09-21T19:29:58","guid":{"rendered":"https:\/\/canadatibet.com\/?page_id=6561"},"modified":"2025-09-21T19:32:00","modified_gmt":"2025-09-21T19:32:00","slug":"advocacy","status":"publish","type":"page","link":"https:\/\/canadatibet.com\/fr\/advocacy\/","title":{"rendered":"D\u00e9fense des int\u00e9r\u00eats"},"content":{"rendered":"<div data-elementor-type=\"wp-page\" data-elementor-id=\"6561\" class=\"elementor elementor-6561\" data-elementor-post-type=\"page\">\n\t\t\t\t\t\t<section class=\"elementor-section elementor-top-section elementor-element elementor-element-1eb40cd elementor-section-boxed elementor-section-height-default elementor-section-height-default\" data-id=\"1eb40cd\" data-element_type=\"section\" data-e-type=\"section\">\n\t\t\t\t\t\t<div class=\"elementor-container elementor-column-gap-default\">\n\t\t\t\t\t<div class=\"elementor-column elementor-col-100 elementor-top-column elementor-element elementor-element-1839945\" data-id=\"1839945\" data-element_type=\"column\" data-e-type=\"column\">\n\t\t\t<div class=\"elementor-widget-wrap elementor-element-populated\">\n\t\t\t\t\t\t<div class=\"elementor-element elementor-element-3a745ba elementor-grid-3 elementor-grid-tablet-2 elementor-grid-mobile-1 elementor-posts--thumbnail-top elementor-widget elementor-widget-posts\" data-id=\"3a745ba\" data-element_type=\"widget\" data-e-type=\"widget\" data-settings=\"{&quot;classic_columns&quot;:&quot;3&quot;,&quot;classic_columns_tablet&quot;:&quot;2&quot;,&quot;classic_columns_mobile&quot;:&quot;1&quot;,&quot;classic_row_gap&quot;:{&quot;unit&quot;:&quot;px&quot;,&quot;size&quot;:35,&quot;sizes&quot;:[]},&quot;classic_row_gap_tablet&quot;:{&quot;unit&quot;:&quot;px&quot;,&quot;size&quot;:&quot;&quot;,&quot;sizes&quot;:[]},&quot;classic_row_gap_mobile&quot;:{&quot;unit&quot;:&quot;px&quot;,&quot;size&quot;:&quot;&quot;,&quot;sizes&quot;:[]}}\" data-widget_type=\"posts.classic\">\n\t\t\t\t<div class=\"elementor-widget-container\">\n\t\t\t\t\t\t\t<div class=\"elementor-posts-container elementor-posts elementor-posts--skin-classic elementor-grid\" role=\"list\">\n\t\t\t\t<article class=\"elementor-post elementor-grid-item post-6961 post type-post status-publish format-standard has-post-thumbnail hentry category-advocacy category-uncategorized category-human-rights-in-tibet category-news category-resolving-sino-tibetan-conflict\" role=\"listitem\">\n\t\t\t\t<a class=\"elementor-post__thumbnail__link\" href=\"https:\/\/canadatibet.com\/fr\/representative-dr-namgyal-choedup-engages-canadian-parliamentarians-on-chinas-ethnic-autonomy-law\/\" tabindex=\"-1\" >\n\t\t\t<div class=\"elementor-post__thumbnail\"><img loading=\"lazy\" decoding=\"async\" width=\"300\" height=\"225\" src=\"https:\/\/canadatibet.com\/wp-content\/uploads\/2026\/04\/IMG_3731-300x225.jpg\" class=\"attachment-medium size-medium wp-image-6970\" alt=\"\" srcset=\"https:\/\/canadatibet.com\/wp-content\/uploads\/2026\/04\/IMG_3731-300x225.jpg 300w, https:\/\/canadatibet.com\/wp-content\/uploads\/2026\/04\/IMG_3731-1024x768.jpg 1024w, https:\/\/canadatibet.com\/wp-content\/uploads\/2026\/04\/IMG_3731-768x576.jpg 768w, https:\/\/canadatibet.com\/wp-content\/uploads\/2026\/04\/IMG_3731-1536x1152.jpg 1536w, https:\/\/canadatibet.com\/wp-content\/uploads\/2026\/04\/IMG_3731-2048x1536.jpg 2048w, https:\/\/canadatibet.com\/wp-content\/uploads\/2026\/04\/IMG_3731-16x12.jpg 16w\" sizes=\"auto, (max-width: 300px) 100vw, 300px\" \/><\/div>\n\t\t<\/a>\n\t\t\t\t<div class=\"elementor-post__text\">\n\t\t\t\t<h3 class=\"elementor-post__title\">\n\t\t\t<a href=\"https:\/\/canadatibet.com\/fr\/representative-dr-namgyal-choedup-engages-canadian-parliamentarians-on-chinas-ethnic-autonomy-law\/\" >\n\t\t\t\tRepresentative Dr. Namgyal Choedup Engages Canadian Parliamentarians on China\u2019s Ethnic Autonomy Law\t\t\t<\/a>\n\t\t<\/h3>\n\t\t\t\t<div class=\"elementor-post__meta-data\">\n\t\t\t\t\t<span class=\"elementor-post-date\">\n\t\t\tavril 23, 2026\t\t<\/span>\n\t\t\t\t<span class=\"elementor-post-avatar\">\n\t\t\tPas de commentaire\t\t<\/span>\n\t\t\t\t<\/div>\n\t\t\t\t<div class=\"elementor-post__excerpt\">\n\t\t\t<p>Ottawa, April 22, 2026 &#8211; Representative of His Holiness the Dalai Lama and the Central Tibetan Administration (CTA), Dr. Namgyal Choedup held a series of<\/p>\n\t\t<\/div>\n\t\t\n\t\t<a class=\"elementor-post__read-more\" href=\"https:\/\/canadatibet.com\/fr\/representative-dr-namgyal-choedup-engages-canadian-parliamentarians-on-chinas-ethnic-autonomy-law\/\" aria-label=\"Read more about Representative Dr. Namgyal Choedup Engages Canadian Parliamentarians on China\u2019s Ethnic Autonomy Law\" tabindex=\"-1\" >\n\t\t\tLire la suite \"\t\t<\/a>\n\n\t\t\t\t<\/div>\n\t\t\t\t<\/article>\n\t\t\t\t<article class=\"elementor-post elementor-grid-item post-6949 post type-post status-publish format-standard has-post-thumbnail hentry category-advocacy category-coalition-building category-human-rights-in-tibet category-news\" role=\"listitem\">\n\t\t\t\t<a class=\"elementor-post__thumbnail__link\" href=\"https:\/\/canadatibet.com\/fr\/canadian-human-rights-groups-call-on-prime-minister-carney-to-prioritize-human-rights-in-his-trip-to-china\/\" tabindex=\"-1\" >\n\t\t\t<div class=\"elementor-post__thumbnail\"><img loading=\"lazy\" decoding=\"async\" width=\"300\" height=\"179\" src=\"https:\/\/canadatibet.com\/wp-content\/uploads\/2026\/01\/Screenshot-2026-01-12-at-11.34.26-AM-300x179.png\" class=\"attachment-medium size-medium wp-image-6952\" alt=\"\" srcset=\"https:\/\/canadatibet.com\/wp-content\/uploads\/2026\/01\/Screenshot-2026-01-12-at-11.34.26-AM-300x179.png 300w, https:\/\/canadatibet.com\/wp-content\/uploads\/2026\/01\/Screenshot-2026-01-12-at-11.34.26-AM-1024x612.png 1024w, https:\/\/canadatibet.com\/wp-content\/uploads\/2026\/01\/Screenshot-2026-01-12-at-11.34.26-AM-768x459.png 768w, https:\/\/canadatibet.com\/wp-content\/uploads\/2026\/01\/Screenshot-2026-01-12-at-11.34.26-AM-1536x918.png 1536w, https:\/\/canadatibet.com\/wp-content\/uploads\/2026\/01\/Screenshot-2026-01-12-at-11.34.26-AM-18x12.png 18w, https:\/\/canadatibet.com\/wp-content\/uploads\/2026\/01\/Screenshot-2026-01-12-at-11.34.26-AM.png 1894w\" sizes=\"auto, (max-width: 300px) 100vw, 300px\" \/><\/div>\n\t\t<\/a>\n\t\t\t\t<div class=\"elementor-post__text\">\n\t\t\t\t<h3 class=\"elementor-post__title\">\n\t\t\t<a href=\"https:\/\/canadatibet.com\/fr\/canadian-human-rights-groups-call-on-prime-minister-carney-to-prioritize-human-rights-in-his-trip-to-china\/\" >\n\t\t\t\tCanadian human rights groups call on Prime Minister Carney to prioritize human rights in his trip to China\t\t\t<\/a>\n\t\t<\/h3>\n\t\t\t\t<div class=\"elementor-post__meta-data\">\n\t\t\t\t\t<span class=\"elementor-post-date\">\n\t\t\tjanvier 12, 2026\t\t<\/span>\n\t\t\t\t<span class=\"elementor-post-avatar\">\n\t\t\tPas de commentaire\t\t<\/span>\n\t\t\t\t<\/div>\n\t\t\t\t<div class=\"elementor-post__excerpt\">\n\t\t\t<p>PRESS ADVISORY Ottawa \u2013 Monday, January 12, 2026 In an&nbsp;Open Letter&nbsp;to Prime Minister Mark Carney on the eve of his trip to Beijing, the first<\/p>\n\t\t<\/div>\n\t\t\n\t\t<a class=\"elementor-post__read-more\" href=\"https:\/\/canadatibet.com\/fr\/canadian-human-rights-groups-call-on-prime-minister-carney-to-prioritize-human-rights-in-his-trip-to-china\/\" aria-label=\"Read more about Canadian human rights groups call on Prime Minister Carney to prioritize human rights in his trip to China\" tabindex=\"-1\" >\n\t\t\tLire la suite \"\t\t<\/a>\n\n\t\t\t\t<\/div>\n\t\t\t\t<\/article>\n\t\t\t\t<article class=\"elementor-post elementor-grid-item post-6941 post type-post status-publish format-standard has-post-thumbnail hentry category-advocacy category-human-rights-in-tibet category-news category-research-and-monitoring\" role=\"listitem\">\n\t\t\t\t<a class=\"elementor-post__thumbnail__link\" href=\"https:\/\/canadatibet.com\/fr\/canada-tibet-committee-urges-parliament-to-address-tibet-linked-lithium-and-forced-labour-risks-in-ev-supply-chains\/\" tabindex=\"-1\" >\n\t\t\t<div class=\"elementor-post__thumbnail\"><img loading=\"lazy\" decoding=\"async\" width=\"300\" height=\"170\" src=\"https:\/\/canadatibet.com\/wp-content\/uploads\/2025\/12\/IMG_0924-300x170.jpg\" class=\"attachment-medium size-medium wp-image-6942\" alt=\"\" srcset=\"https:\/\/canadatibet.com\/wp-content\/uploads\/2025\/12\/IMG_0924-300x170.jpg 300w, https:\/\/canadatibet.com\/wp-content\/uploads\/2025\/12\/IMG_0924-1024x579.jpg 1024w, https:\/\/canadatibet.com\/wp-content\/uploads\/2025\/12\/IMG_0924-768x434.jpg 768w, https:\/\/canadatibet.com\/wp-content\/uploads\/2025\/12\/IMG_0924-1536x869.jpg 1536w, https:\/\/canadatibet.com\/wp-content\/uploads\/2025\/12\/IMG_0924-2048x1158.jpg 2048w, https:\/\/canadatibet.com\/wp-content\/uploads\/2025\/12\/IMG_0924-18x10.jpg 18w\" sizes=\"auto, (max-width: 300px) 100vw, 300px\" \/><\/div>\n\t\t<\/a>\n\t\t\t\t<div class=\"elementor-post__text\">\n\t\t\t\t<h3 class=\"elementor-post__title\">\n\t\t\t<a href=\"https:\/\/canadatibet.com\/fr\/canada-tibet-committee-urges-parliament-to-address-tibet-linked-lithium-and-forced-labour-risks-in-ev-supply-chains\/\" >\n\t\t\t\tCanada Tibet Committee Urges Parliament to Address Tibet-Linked Lithium and Forced Labour Risks in EV Supply Chains\t\t\t<\/a>\n\t\t<\/h3>\n\t\t\t\t<div class=\"elementor-post__meta-data\">\n\t\t\t\t\t<span class=\"elementor-post-date\">\n\t\t\tnovembre 20, 2025\t\t<\/span>\n\t\t\t\t<span class=\"elementor-post-avatar\">\n\t\t\tPas de commentaire\t\t<\/span>\n\t\t\t\t<\/div>\n\t\t\t\t<div class=\"elementor-post__excerpt\">\n\t\t\t<p>Ottawa, November 20, 2025 &#8211; On\u00a0November 20, 2025, the\u00a0Canada Tibet Committee (CTC)\u00a0appeared before the\u00a0House of Commons Standing Committee on International Trade\u00a0as part of its study<\/p>\n\t\t<\/div>\n\t\t\n\t\t<a class=\"elementor-post__read-more\" href=\"https:\/\/canadatibet.com\/fr\/canada-tibet-committee-urges-parliament-to-address-tibet-linked-lithium-and-forced-labour-risks-in-ev-supply-chains\/\" aria-label=\"Read more about Canada Tibet Committee Urges Parliament to Address Tibet-Linked Lithium and Forced Labour Risks in EV Supply Chains\" tabindex=\"-1\" >\n\t\t\tLire la suite \"\t\t<\/a>\n\n\t\t\t\t<\/div>\n\t\t\t\t<\/article>\n\t\t\t\t<article class=\"elementor-post elementor-grid-item post-6908 post type-post status-publish format-standard has-post-thumbnail hentry category-advocacy category-human-rights-in-tibet category-news category-resolving-sino-tibetan-conflict\" role=\"listitem\">\n\t\t\t\t<a class=\"elementor-post__thumbnail__link\" href=\"https:\/\/canadatibet.com\/fr\/global-icon-richard-gere-brings-the-dalai-lamas-message-of-compassion-to-ottawa\/\" tabindex=\"-1\" >\n\t\t\t<div class=\"elementor-post__thumbnail\"><img loading=\"lazy\" decoding=\"async\" width=\"224\" height=\"300\" src=\"https:\/\/canadatibet.com\/wp-content\/uploads\/2025\/11\/IMG_0749-224x300.jpg\" class=\"attachment-medium size-medium wp-image-6910\" alt=\"\" srcset=\"https:\/\/canadatibet.com\/wp-content\/uploads\/2025\/11\/IMG_0749-224x300.jpg 224w, https:\/\/canadatibet.com\/wp-content\/uploads\/2025\/11\/IMG_0749-766x1024.jpg 766w, https:\/\/canadatibet.com\/wp-content\/uploads\/2025\/11\/IMG_0749-768x1027.jpg 768w, https:\/\/canadatibet.com\/wp-content\/uploads\/2025\/11\/IMG_0749-1148x1536.jpg 1148w, https:\/\/canadatibet.com\/wp-content\/uploads\/2025\/11\/IMG_0749-9x12.jpg 9w, https:\/\/canadatibet.com\/wp-content\/uploads\/2025\/11\/IMG_0749.jpg 1410w\" sizes=\"auto, (max-width: 224px) 100vw, 224px\" \/><\/div>\n\t\t<\/a>\n\t\t\t\t<div class=\"elementor-post__text\">\n\t\t\t\t<h3 class=\"elementor-post__title\">\n\t\t\t<a href=\"https:\/\/canadatibet.com\/fr\/global-icon-richard-gere-brings-the-dalai-lamas-message-of-compassion-to-ottawa\/\" >\n\t\t\t\tRichard Gere brings the Dalai Lama\u2019s Message of Compassion to Ottawa.\t\t\t<\/a>\n\t\t<\/h3>\n\t\t\t\t<div class=\"elementor-post__meta-data\">\n\t\t\t\t\t<span class=\"elementor-post-date\">\n\t\t\tnovembre 19, 2025\t\t<\/span>\n\t\t\t\t<span class=\"elementor-post-avatar\">\n\t\t\tPas de commentaire\t\t<\/span>\n\t\t\t\t<\/div>\n\t\t\t\t<div class=\"elementor-post__excerpt\">\n\t\t\t<p>Ottawa, November 17, 2025\u00a0&#8211; Hollywood icon and advocate for Tibet, Richard Gere, who is also Chair of the International Campaign for Tibet (ICT), joined parliamentarians<\/p>\n\t\t<\/div>\n\t\t\n\t\t<a class=\"elementor-post__read-more\" href=\"https:\/\/canadatibet.com\/fr\/global-icon-richard-gere-brings-the-dalai-lamas-message-of-compassion-to-ottawa\/\" aria-label=\"Read more about Richard Gere brings the Dalai Lama\u2019s Message of Compassion to Ottawa.\" tabindex=\"-1\" >\n\t\t\tLire la suite \"\t\t<\/a>\n\n\t\t\t\t<\/div>\n\t\t\t\t<\/article>\n\t\t\t\t<article class=\"elementor-post elementor-grid-item post-6870 post type-post status-publish format-standard has-post-thumbnail hentry category-advocacy category-uncategorized category-canada-tibet-lobby-day category-human-rights-in-tibet category-news category-resolving-sino-tibetan-conflict\" role=\"listitem\">\n\t\t\t\t<a class=\"elementor-post__thumbnail__link\" href=\"https:\/\/canadatibet.com\/fr\/tibetan-canadians-marked-its-annual-tibet-lobby-day-in-ottawa\/\" tabindex=\"-1\" >\n\t\t\t<div class=\"elementor-post__thumbnail\"><img loading=\"lazy\" decoding=\"async\" width=\"300\" height=\"211\" src=\"https:\/\/canadatibet.com\/wp-content\/uploads\/2025\/11\/IMG_0735-300x211.webp\" class=\"attachment-medium size-medium wp-image-6872\" alt=\"\" srcset=\"https:\/\/canadatibet.com\/wp-content\/uploads\/2025\/11\/IMG_0735-300x211.webp 300w, https:\/\/canadatibet.com\/wp-content\/uploads\/2025\/11\/IMG_0735-768x540.webp 768w, https:\/\/canadatibet.com\/wp-content\/uploads\/2025\/11\/IMG_0735-18x12.webp 18w, https:\/\/canadatibet.com\/wp-content\/uploads\/2025\/11\/IMG_0735.webp 827w\" sizes=\"auto, (max-width: 300px) 100vw, 300px\" \/><\/div>\n\t\t<\/a>\n\t\t\t\t<div class=\"elementor-post__text\">\n\t\t\t\t<h3 class=\"elementor-post__title\">\n\t\t\t<a href=\"https:\/\/canadatibet.com\/fr\/tibetan-canadians-marked-its-annual-tibet-lobby-day-in-ottawa\/\" >\n\t\t\t\tTibetan-Canadians marked its annual Tibet Lobby Day in Ottawa\t\t\t<\/a>\n\t\t<\/h3>\n\t\t\t\t<div class=\"elementor-post__meta-data\">\n\t\t\t\t\t<span class=\"elementor-post-date\">\n\t\t\tnovembre 19, 2025\t\t<\/span>\n\t\t\t\t<span class=\"elementor-post-avatar\">\n\t\t\tPas de commentaire\t\t<\/span>\n\t\t\t\t<\/div>\n\t\t\t\t<div class=\"elementor-post__excerpt\">\n\t\t\t<p>On November 17, 2025, more than 60 Tibetan delegates from&nbsp;Toronto, Alberta, Belleville, and Ottawa&nbsp;travelled to Parliament Hill for&nbsp;Canada Tibet Lobby Day 2025. Coming from multiple<\/p>\n\t\t<\/div>\n\t\t\n\t\t<a class=\"elementor-post__read-more\" href=\"https:\/\/canadatibet.com\/fr\/tibetan-canadians-marked-its-annual-tibet-lobby-day-in-ottawa\/\" aria-label=\"Read more about Tibetan-Canadians marked its annual Tibet Lobby Day in Ottawa\" tabindex=\"-1\" >\n\t\t\tLire la suite \"\t\t<\/a>\n\n\t\t\t\t<\/div>\n\t\t\t\t<\/article>\n\t\t\t\t<article class=\"elementor-post elementor-grid-item post-6826 post type-post status-publish format-standard has-post-thumbnail hentry category-advocacy category-coalition-building category-human-rights-in-tibet category-news\" role=\"listitem\">\n\t\t\t\t<a class=\"elementor-post__thumbnail__link\" href=\"https:\/\/canadatibet.com\/fr\/ctc-joins-bloc-quebecois-press-conference-on-forced-labour-legislation\/\" tabindex=\"-1\" >\n\t\t\t<div class=\"elementor-post__thumbnail\"><img loading=\"lazy\" decoding=\"async\" width=\"300\" height=\"168\" src=\"https:\/\/canadatibet.com\/wp-content\/uploads\/2025\/11\/566366015_10172698074150523_6371085551119026662_n-300x168.jpg\" class=\"attachment-medium size-medium wp-image-6828\" alt=\"\" srcset=\"https:\/\/canadatibet.com\/wp-content\/uploads\/2025\/11\/566366015_10172698074150523_6371085551119026662_n-300x168.jpg 300w, https:\/\/canadatibet.com\/wp-content\/uploads\/2025\/11\/566366015_10172698074150523_6371085551119026662_n-1024x572.jpg 1024w, https:\/\/canadatibet.com\/wp-content\/uploads\/2025\/11\/566366015_10172698074150523_6371085551119026662_n-768x429.jpg 768w, https:\/\/canadatibet.com\/wp-content\/uploads\/2025\/11\/566366015_10172698074150523_6371085551119026662_n-1536x858.jpg 1536w, https:\/\/canadatibet.com\/wp-content\/uploads\/2025\/11\/566366015_10172698074150523_6371085551119026662_n-18x10.jpg 18w, https:\/\/canadatibet.com\/wp-content\/uploads\/2025\/11\/566366015_10172698074150523_6371085551119026662_n.jpg 2048w\" sizes=\"auto, (max-width: 300px) 100vw, 300px\" \/><\/div>\n\t\t<\/a>\n\t\t\t\t<div class=\"elementor-post__text\">\n\t\t\t\t<h3 class=\"elementor-post__title\">\n\t\t\t<a href=\"https:\/\/canadatibet.com\/fr\/ctc-joins-bloc-quebecois-press-conference-on-forced-labour-legislation\/\" >\n\t\t\t\tCTC Joins Bloc Qu\u00e9b\u00e9cois Press Conference on Forced Labour Legislation\t\t\t<\/a>\n\t\t<\/h3>\n\t\t\t\t<div class=\"elementor-post__meta-data\">\n\t\t\t\t\t<span class=\"elementor-post-date\">\n\t\t\toctobre 21, 2025\t\t<\/span>\n\t\t\t\t<span class=\"elementor-post-avatar\">\n\t\t\tPas de commentaire\t\t<\/span>\n\t\t\t\t<\/div>\n\t\t\t\t<div class=\"elementor-post__excerpt\">\n\t\t\t<p>Ottawa, October 21, 2025 &#8211; This morning, the Canada Tibet Committee (CTC) participated in a press conference on Parliament Hill hosted by the Bloc Qu\u00e9b\u00e9cois<\/p>\n\t\t<\/div>\n\t\t\n\t\t<a class=\"elementor-post__read-more\" href=\"https:\/\/canadatibet.com\/fr\/ctc-joins-bloc-quebecois-press-conference-on-forced-labour-legislation\/\" aria-label=\"Read more about CTC Joins Bloc Qu\u00e9b\u00e9cois Press Conference on Forced Labour Legislation\" tabindex=\"-1\" >\n\t\t\tLire la suite \"\t\t<\/a>\n\n\t\t\t\t<\/div>\n\t\t\t\t<\/article>\n\t\t\t\t<\/div>\n\t\t\n\t\t\t\t\t\t<\/div>\n\t\t\t\t<\/div>\n\t\t\t\t\t<\/div>\n\t\t<\/div>\n\t\t\t\t\t<\/div>\n\t\t<\/section>\n\t\t\t\t<\/div>","protected":false},"excerpt":{"rendered":"","protected":false},"author":1,"featured_media":0,"parent":0,"menu_order":0,"comment_status":"closed","ping_status":"closed","template":"","meta":{"give_campaign_id":0,"nf_dc_page":"","footnotes":""},"class_list":["post-6561","page","type-page","status-publish","hentry"],"campaignId":"","_links":{"self":[{"href":"https:\/\/canadatibet.com\/fr\/wp-json\/wp\/v2\/pages\/6561","targetHints":{"allow":["GET"]}}],"collection":[{"href":"https:\/\/canadatibet.com\/fr\/wp-json\/wp\/v2\/pages"}],"about":[{"href":"https:\/\/canadatibet.com\/fr\/wp-json\/wp\/v2\/types\/page"}],"author":[{"embeddable":true,"href":"https:\/\/canadatibet.com\/fr\/wp-json\/wp\/v2\/users\/1"}],"replies":[{"embeddable":true,"href":"https:\/\/canadatibet.com\/fr\/wp-json\/wp\/v2\/comments?post=6561"}],"version-history":[{"count":4,"href":"https:\/\/canadatibet.com\/fr\/wp-json\/wp\/v2\/pages\/6561\/revisions"}],"predecessor-version":[{"id":6565,"href":"https:\/\/canadatibet.com\/fr\/wp-json\/wp\/v2\/pages\/6561\/revisions\/6565"}],"wp:attachment":[{"href":"https:\/\/canadatibet.com\/fr\/wp-json\/wp\/v2\/media?parent=6561"}],"curies":[{"name":"wp","href":"https:\/\/api.w.org\/{rel}","templated":true}]}}