{"id":6539,"date":"2025-09-21T19:09:02","date_gmt":"2025-09-21T19:09:02","guid":{"rendered":"https:\/\/canadatibet.com\/?page_id=6539"},"modified":"2025-09-21T19:11:01","modified_gmt":"2025-09-21T19:11:01","slug":"countering-transnational-repression","status":"publish","type":"page","link":"https:\/\/canadatibet.com\/fr\/countering-transnational-repression\/","title":{"rendered":"Countering Transnational Repression"},"content":{"rendered":"<div data-elementor-type=\"wp-page\" data-elementor-id=\"6539\" class=\"elementor elementor-6539\" data-elementor-post-type=\"page\">\n\t\t\t\t\t\t<section class=\"elementor-section elementor-top-section elementor-element elementor-element-51939ec elementor-section-boxed elementor-section-height-default elementor-section-height-default\" data-id=\"51939ec\" data-element_type=\"section\" data-e-type=\"section\">\n\t\t\t\t\t\t<div class=\"elementor-container elementor-column-gap-default\">\n\t\t\t\t\t<div class=\"elementor-column elementor-col-100 elementor-top-column elementor-element elementor-element-1738ba7\" data-id=\"1738ba7\" data-element_type=\"column\" data-e-type=\"column\">\n\t\t\t<div class=\"elementor-widget-wrap elementor-element-populated\">\n\t\t\t\t\t\t<div class=\"elementor-element elementor-element-0cdb58d elementor-grid-3 elementor-grid-tablet-2 elementor-grid-mobile-1 elementor-posts--thumbnail-top elementor-widget elementor-widget-posts\" data-id=\"0cdb58d\" data-element_type=\"widget\" data-e-type=\"widget\" data-settings=\"{&quot;classic_columns&quot;:&quot;3&quot;,&quot;classic_columns_tablet&quot;:&quot;2&quot;,&quot;classic_columns_mobile&quot;:&quot;1&quot;,&quot;classic_row_gap&quot;:{&quot;unit&quot;:&quot;px&quot;,&quot;size&quot;:35,&quot;sizes&quot;:[]},&quot;classic_row_gap_tablet&quot;:{&quot;unit&quot;:&quot;px&quot;,&quot;size&quot;:&quot;&quot;,&quot;sizes&quot;:[]},&quot;classic_row_gap_mobile&quot;:{&quot;unit&quot;:&quot;px&quot;,&quot;size&quot;:&quot;&quot;,&quot;sizes&quot;:[]}}\" data-widget_type=\"posts.classic\">\n\t\t\t\t<div class=\"elementor-widget-container\">\n\t\t\t\t\t\t\t<div class=\"elementor-posts-container elementor-posts elementor-posts--skin-classic elementor-grid\" role=\"list\">\n\t\t\t\t<article class=\"elementor-post elementor-grid-item post-6104 post type-post status-publish format-standard has-post-thumbnail hentry category-uncategorized category-coalition-building category-countering-transnation-repression category-news\" role=\"listitem\">\n\t\t\t\t<a class=\"elementor-post__thumbnail__link\" href=\"https:\/\/canadatibet.com\/fr\/ctc-joins-coalition-in-urging-action-on-foreign-interference-and-human-rights-in-china\/\" tabindex=\"-1\" >\n\t\t\t<div class=\"elementor-post__thumbnail\"><img loading=\"lazy\" decoding=\"async\" width=\"300\" height=\"224\" src=\"https:\/\/canadatibet.com\/wp-content\/uploads\/2025\/02\/Screenshot-2025-02-25-at-1.17.31\u202fPM-300x224.png\" class=\"attachment-medium size-medium wp-image-6105\" alt=\"\" srcset=\"https:\/\/canadatibet.com\/wp-content\/uploads\/2025\/02\/Screenshot-2025-02-25-at-1.17.31\u202fPM-300x224.png 300w, https:\/\/canadatibet.com\/wp-content\/uploads\/2025\/02\/Screenshot-2025-02-25-at-1.17.31\u202fPM-1024x763.png 1024w, https:\/\/canadatibet.com\/wp-content\/uploads\/2025\/02\/Screenshot-2025-02-25-at-1.17.31\u202fPM-768x572.png 768w, https:\/\/canadatibet.com\/wp-content\/uploads\/2025\/02\/Screenshot-2025-02-25-at-1.17.31\u202fPM-1536x1145.png 1536w, https:\/\/canadatibet.com\/wp-content\/uploads\/2025\/02\/Screenshot-2025-02-25-at-1.17.31\u202fPM-1568x1168.png 1568w, https:\/\/canadatibet.com\/wp-content\/uploads\/2025\/02\/Screenshot-2025-02-25-at-1.17.31\u202fPM-320x240.png 320w, https:\/\/canadatibet.com\/wp-content\/uploads\/2025\/02\/Screenshot-2025-02-25-at-1.17.31\u202fPM.png 1852w\" sizes=\"auto, (max-width: 300px) 100vw, 300px\" \/><\/div>\n\t\t<\/a>\n\t\t\t\t<div class=\"elementor-post__text\">\n\t\t\t\t<h3 class=\"elementor-post__title\">\n\t\t\t<a href=\"https:\/\/canadatibet.com\/fr\/ctc-joins-coalition-in-urging-action-on-foreign-interference-and-human-rights-in-china\/\" >\n\t\t\t\tCTC Joins Coalition in Urging Action on Foreign Interference and Human Rights in China\t\t\t<\/a>\n\t\t<\/h3>\n\t\t\t\t<div class=\"elementor-post__meta-data\">\n\t\t\t\t\t<span class=\"elementor-post-date\">\n\t\t\tf\u00e9vrier 25, 2025\t\t<\/span>\n\t\t\t\t<span class=\"elementor-post-avatar\">\n\t\t\tPas de commentaire\t\t<\/span>\n\t\t\t\t<\/div>\n\t\t\t\t<div class=\"elementor-post__excerpt\">\n\t\t\t<p>February 20, 2025 \u2013 The\u00a0Canada Tibet Committee (CTC), as a co-founder and member of the\u00a0Canadian Coalition on Human Rights in China, has co-signed an\u00a0open letter<\/p>\n\t\t<\/div>\n\t\t\n\t\t<a class=\"elementor-post__read-more\" href=\"https:\/\/canadatibet.com\/fr\/ctc-joins-coalition-in-urging-action-on-foreign-interference-and-human-rights-in-china\/\" aria-label=\"Read more about CTC Joins Coalition in Urging Action on Foreign Interference and Human Rights in China\" tabindex=\"-1\" >\n\t\t\tLire la suite \"\t\t<\/a>\n\n\t\t\t\t<\/div>\n\t\t\t\t<\/article>\n\t\t\t\t<article class=\"elementor-post elementor-grid-item post-6022 post type-post status-publish format-standard has-post-thumbnail hentry category-uncategorized category-countering-transnation-repression category-news\" role=\"listitem\">\n\t\t\t\t<a class=\"elementor-post__thumbnail__link\" href=\"https:\/\/canadatibet.com\/fr\/our-official-statement-on-prcs-sanctions-against-our-members\/\" tabindex=\"-1\" >\n\t\t\t<div class=\"elementor-post__thumbnail\"><img loading=\"lazy\" decoding=\"async\" width=\"300\" height=\"152\" src=\"https:\/\/canadatibet.com\/wp-content\/uploads\/2023\/04\/candlelight-300x152.jpg\" class=\"attachment-medium size-medium wp-image-5821\" alt=\"\" srcset=\"https:\/\/canadatibet.com\/wp-content\/uploads\/2023\/04\/candlelight-300x152.jpg 300w, https:\/\/canadatibet.com\/wp-content\/uploads\/2023\/04\/candlelight.jpg 316w\" sizes=\"auto, (max-width: 300px) 100vw, 300px\" \/><\/div>\n\t\t<\/a>\n\t\t\t\t<div class=\"elementor-post__text\">\n\t\t\t\t<h3 class=\"elementor-post__title\">\n\t\t\t<a href=\"https:\/\/canadatibet.com\/fr\/our-official-statement-on-prcs-sanctions-against-our-members\/\" >\n\t\t\t\tOur official statement on PRC&#8217;s sanctions against our members\t\t\t<\/a>\n\t\t<\/h3>\n\t\t\t\t<div class=\"elementor-post__meta-data\">\n\t\t\t\t\t<span class=\"elementor-post-date\">\n\t\t\t22 d\u00e9cembre 2024\t\t<\/span>\n\t\t\t\t<span class=\"elementor-post-avatar\">\n\t\t\tPas de commentaire\t\t<\/span>\n\t\t\t\t<\/div>\n\t\t\t\t<div class=\"elementor-post__excerpt\">\n\t\t\t<p>Our official response to the sanction against the Canada-Tibet Committee\u2019s members by China\u2019s Ministry of Foreign Affairs:&nbsp; 1.The\u00a0Canada\u00a0Tibet Committee (CTC) has been engaged in Tibet<\/p>\n\t\t<\/div>\n\t\t\n\t\t<a class=\"elementor-post__read-more\" href=\"https:\/\/canadatibet.com\/fr\/our-official-statement-on-prcs-sanctions-against-our-members\/\" aria-label=\"Read more about Our official statement on PRC&#8217;s sanctions against our members\" tabindex=\"-1\" >\n\t\t\tLire la suite \"\t\t<\/a>\n\n\t\t\t\t<\/div>\n\t\t\t\t<\/article>\n\t\t\t\t<article class=\"elementor-post elementor-grid-item post-6017 post type-post status-publish format-standard has-post-thumbnail hentry category-uncategorized category-countering-transnation-repression\" role=\"listitem\">\n\t\t\t\t<a class=\"elementor-post__thumbnail__link\" href=\"https:\/\/canadatibet.com\/fr\/canada-tibet-committee-welcomes-sanctions-against-chinese-officials-for-human-rights-violations\/\" tabindex=\"-1\" >\n\t\t\t<div class=\"elementor-post__thumbnail\"><img loading=\"lazy\" decoding=\"async\" width=\"300\" height=\"171\" src=\"https:\/\/canadatibet.com\/wp-content\/uploads\/2024\/12\/Screenshot-2024-12-12-at-2.50.41-PM-300x171.png\" class=\"attachment-medium size-medium wp-image-6018\" alt=\"\" srcset=\"https:\/\/canadatibet.com\/wp-content\/uploads\/2024\/12\/Screenshot-2024-12-12-at-2.50.41-PM-300x171.png 300w, https:\/\/canadatibet.com\/wp-content\/uploads\/2024\/12\/Screenshot-2024-12-12-at-2.50.41-PM-1024x585.png 1024w, https:\/\/canadatibet.com\/wp-content\/uploads\/2024\/12\/Screenshot-2024-12-12-at-2.50.41-PM-768x438.png 768w, https:\/\/canadatibet.com\/wp-content\/uploads\/2024\/12\/Screenshot-2024-12-12-at-2.50.41-PM-1536x877.png 1536w, https:\/\/canadatibet.com\/wp-content\/uploads\/2024\/12\/Screenshot-2024-12-12-at-2.50.41-PM-1568x895.png 1568w, https:\/\/canadatibet.com\/wp-content\/uploads\/2024\/12\/Screenshot-2024-12-12-at-2.50.41-PM.png 1832w\" sizes=\"auto, (max-width: 300px) 100vw, 300px\" \/><\/div>\n\t\t<\/a>\n\t\t\t\t<div class=\"elementor-post__text\">\n\t\t\t\t<h3 class=\"elementor-post__title\">\n\t\t\t<a href=\"https:\/\/canadatibet.com\/fr\/canada-tibet-committee-welcomes-sanctions-against-chinese-officials-for-human-rights-violations\/\" >\n\t\t\t\tCanada Tibet Committee Welcomes Sanctions Against Chinese Officials for Human Rights Violations\t\t\t<\/a>\n\t\t<\/h3>\n\t\t\t\t<div class=\"elementor-post__meta-data\">\n\t\t\t\t\t<span class=\"elementor-post-date\">\n\t\t\tD\u00e9cembre 12, 2024\t\t<\/span>\n\t\t\t\t<span class=\"elementor-post-avatar\">\n\t\t\tPas de commentaire\t\t<\/span>\n\t\t\t\t<\/div>\n\t\t\t\t<div class=\"elementor-post__excerpt\">\n\t\t\t<p>Ottawa, December 12, 2024 &#8211; The Canada Tibet Committee (CTC) commends the Government of Canada\u2019s decision of imposing sanctions on eight senior Chinese officials under<\/p>\n\t\t<\/div>\n\t\t\n\t\t<a class=\"elementor-post__read-more\" href=\"https:\/\/canadatibet.com\/fr\/canada-tibet-committee-welcomes-sanctions-against-chinese-officials-for-human-rights-violations\/\" aria-label=\"Read more about Canada Tibet Committee Welcomes Sanctions Against Chinese Officials for Human Rights Violations\" tabindex=\"-1\" >\n\t\t\tLire la suite \"\t\t<\/a>\n\n\t\t\t\t<\/div>\n\t\t\t\t<\/article>\n\t\t\t\t<article class=\"elementor-post elementor-grid-item post-6014 post type-post status-publish format-standard has-post-thumbnail hentry category-uncategorized category-countering-transnation-repression\" role=\"listitem\">\n\t\t\t\t<a class=\"elementor-post__thumbnail__link\" href=\"https:\/\/canadatibet.com\/fr\/ctc-highlights-tibet-at-the-launch-of-a-report-on-foreign-interference\/\" tabindex=\"-1\" >\n\t\t\t<div class=\"elementor-post__thumbnail\"><img loading=\"lazy\" decoding=\"async\" width=\"300\" height=\"169\" src=\"https:\/\/canadatibet.com\/wp-content\/uploads\/2024\/12\/333f35cc-7957-4b2d-a444-b2588e563827-300x169.jpg\" class=\"attachment-medium size-medium wp-image-6015\" alt=\"\" srcset=\"https:\/\/canadatibet.com\/wp-content\/uploads\/2024\/12\/333f35cc-7957-4b2d-a444-b2588e563827-300x169.jpg 300w, https:\/\/canadatibet.com\/wp-content\/uploads\/2024\/12\/333f35cc-7957-4b2d-a444-b2588e563827-1024x576.jpg 1024w, https:\/\/canadatibet.com\/wp-content\/uploads\/2024\/12\/333f35cc-7957-4b2d-a444-b2588e563827-768x432.jpg 768w, https:\/\/canadatibet.com\/wp-content\/uploads\/2024\/12\/333f35cc-7957-4b2d-a444-b2588e563827-1536x864.jpg 1536w, https:\/\/canadatibet.com\/wp-content\/uploads\/2024\/12\/333f35cc-7957-4b2d-a444-b2588e563827-1568x882.jpg 1568w, https:\/\/canadatibet.com\/wp-content\/uploads\/2024\/12\/333f35cc-7957-4b2d-a444-b2588e563827.jpg 2048w\" sizes=\"auto, (max-width: 300px) 100vw, 300px\" \/><\/div>\n\t\t<\/a>\n\t\t\t\t<div class=\"elementor-post__text\">\n\t\t\t\t<h3 class=\"elementor-post__title\">\n\t\t\t<a href=\"https:\/\/canadatibet.com\/fr\/ctc-highlights-tibet-at-the-launch-of-a-report-on-foreign-interference\/\" >\n\t\t\t\tCTC highlights Tibet at the launch of a report on Foreign Interference\t\t\t<\/a>\n\t\t<\/h3>\n\t\t\t\t<div class=\"elementor-post__meta-data\">\n\t\t\t\t\t<span class=\"elementor-post-date\">\n\t\t\tD\u00e9cembre 12, 2024\t\t<\/span>\n\t\t\t\t<span class=\"elementor-post-avatar\">\n\t\t\tPas de commentaire\t\t<\/span>\n\t\t\t\t<\/div>\n\t\t\t\t<div class=\"elementor-post__excerpt\">\n\t\t\t<p>Ottawa, December 11, 2024 &#8211; A parliamentary event was held in Ottawa to launch a report on the People\u2019s Republic of China\u2019s (PRC) foreign interference<\/p>\n\t\t<\/div>\n\t\t\n\t\t<a class=\"elementor-post__read-more\" href=\"https:\/\/canadatibet.com\/fr\/ctc-highlights-tibet-at-the-launch-of-a-report-on-foreign-interference\/\" aria-label=\"Read more about CTC highlights Tibet at the launch of a report on Foreign Interference\" tabindex=\"-1\" >\n\t\t\tLire la suite \"\t\t<\/a>\n\n\t\t\t\t<\/div>\n\t\t\t\t<\/article>\n\t\t\t\t<article class=\"elementor-post elementor-grid-item post-5998 post type-post status-publish format-standard has-post-thumbnail hentry category-countering-transnation-repression category-news\" role=\"listitem\">\n\t\t\t\t<a class=\"elementor-post__thumbnail__link\" href=\"https:\/\/canadatibet.com\/fr\/ctc-director-calls-for-reciprocity-and-empowerment-of-the-tibetan-community-in-canada\/\" tabindex=\"-1\" >\n\t\t\t<div class=\"elementor-post__thumbnail\"><img loading=\"lazy\" decoding=\"async\" width=\"300\" height=\"169\" src=\"https:\/\/canadatibet.com\/wp-content\/uploads\/2024\/10\/IMG_0128-300x169.jpg\" class=\"attachment-medium size-medium wp-image-5999\" alt=\"\" srcset=\"https:\/\/canadatibet.com\/wp-content\/uploads\/2024\/10\/IMG_0128-300x169.jpg 300w, https:\/\/canadatibet.com\/wp-content\/uploads\/2024\/10\/IMG_0128-1024x578.jpg 1024w, https:\/\/canadatibet.com\/wp-content\/uploads\/2024\/10\/IMG_0128-768x433.jpg 768w, https:\/\/canadatibet.com\/wp-content\/uploads\/2024\/10\/IMG_0128-1536x867.jpg 1536w, https:\/\/canadatibet.com\/wp-content\/uploads\/2024\/10\/IMG_0128-2048x1156.jpg 2048w, https:\/\/canadatibet.com\/wp-content\/uploads\/2024\/10\/IMG_0128-1568x885.jpg 1568w\" sizes=\"auto, (max-width: 300px) 100vw, 300px\" \/><\/div>\n\t\t<\/a>\n\t\t\t\t<div class=\"elementor-post__text\">\n\t\t\t\t<h3 class=\"elementor-post__title\">\n\t\t\t<a href=\"https:\/\/canadatibet.com\/fr\/ctc-director-calls-for-reciprocity-and-empowerment-of-the-tibetan-community-in-canada\/\" >\n\t\t\t\tLe directeur du CTC appelle \u00e0 la r\u00e9ciprocit\u00e9 et \u00e0 l'autonomisation de la communaut\u00e9 tib\u00e9taine au Canada\t\t\t<\/a>\n\t\t<\/h3>\n\t\t\t\t<div class=\"elementor-post__meta-data\">\n\t\t\t\t\t<span class=\"elementor-post-date\">\n\t\t\t1er octobre 2024\t\t<\/span>\n\t\t\t\t<span class=\"elementor-post-avatar\">\n\t\t\tPas de commentaire\t\t<\/span>\n\t\t\t\t<\/div>\n\t\t\t\t<div class=\"elementor-post__excerpt\">\n\t\t\t<p>Ottawa, October 2, 2024 \u2013 As part of diaspora community consultation on&nbsp;&nbsp;foreign interference by Justice Marie-Jos\u00e9e Hogue, CTC director Sherap Therchin testified before the commission<\/p>\n\t\t<\/div>\n\t\t\n\t\t<a class=\"elementor-post__read-more\" href=\"https:\/\/canadatibet.com\/fr\/ctc-director-calls-for-reciprocity-and-empowerment-of-the-tibetan-community-in-canada\/\" aria-label=\"Read more about CTC director calls for reciprocity and empowerment of the Tibetan community in Canada\" tabindex=\"-1\" >\n\t\t\tLire la suite \"\t\t<\/a>\n\n\t\t\t\t<\/div>\n\t\t\t\t<\/article>\n\t\t\t\t<\/div>\n\t\t\n\t\t\t\t\t\t<\/div>\n\t\t\t\t<\/div>\n\t\t\t\t\t<\/div>\n\t\t<\/div>\n\t\t\t\t\t<\/div>\n\t\t<\/section>\n\t\t\t\t<\/div>","protected":false},"excerpt":{"rendered":"","protected":false},"author":1,"featured_media":0,"parent":0,"menu_order":0,"comment_status":"closed","ping_status":"closed","template":"","meta":{"give_campaign_id":0,"nf_dc_page":"","footnotes":""},"class_list":["post-6539","page","type-page","status-publish","hentry"],"campaignId":"","_links":{"self":[{"href":"https:\/\/canadatibet.com\/fr\/wp-json\/wp\/v2\/pages\/6539","targetHints":{"allow":["GET"]}}],"collection":[{"href":"https:\/\/canadatibet.com\/fr\/wp-json\/wp\/v2\/pages"}],"about":[{"href":"https:\/\/canadatibet.com\/fr\/wp-json\/wp\/v2\/types\/page"}],"author":[{"embeddable":true,"href":"https:\/\/canadatibet.com\/fr\/wp-json\/wp\/v2\/users\/1"}],"replies":[{"embeddable":true,"href":"https:\/\/canadatibet.com\/fr\/wp-json\/wp\/v2\/comments?post=6539"}],"version-history":[{"count":4,"href":"https:\/\/canadatibet.com\/fr\/wp-json\/wp\/v2\/pages\/6539\/revisions"}],"predecessor-version":[{"id":6545,"href":"https:\/\/canadatibet.com\/fr\/wp-json\/wp\/v2\/pages\/6539\/revisions\/6545"}],"wp:attachment":[{"href":"https:\/\/canadatibet.com\/fr\/wp-json\/wp\/v2\/media?parent=6539"}],"curies":[{"name":"wp","href":"https:\/\/api.w.org\/{rel}","templated":true}]}}