{"id":6193,"date":"2025-05-11T20:20:00","date_gmt":"2025-05-11T20:20:00","guid":{"rendered":"https:\/\/canadatibet.com\/?page_id=6193"},"modified":"2025-05-29T03:45:24","modified_gmt":"2025-05-29T03:45:24","slug":"senior-advisors","status":"publish","type":"page","link":"https:\/\/canadatibet.com\/fr\/senior-advisors\/","title":{"rendered":"Conseillers principaux"},"content":{"rendered":"<p class=\"\">Nous sommes tr\u00e8s reconnaissants des conseils et du soutien de nos conseillers principaux - des leaders en mati\u00e8re de droits de l'homme, de diplomatie et de droit international - dont les orientations renforcent l'impact et l'int\u00e9grit\u00e9 de nos activit\u00e9s de plaidoyer.<\/p>\n\n\n\n<figure class=\"wp-block-image size-large\"><img loading=\"lazy\" decoding=\"async\" width=\"1366\" height=\"497\" src=\"https:\/\/canadatibet.com\/wp-content\/uploads\/2025\/05\/3-1024x373.png\" alt=\"\" class=\"wp-image-6224\" srcset=\"https:\/\/canadatibet.com\/wp-content\/uploads\/2025\/05\/3-1024x373.png 1024w, https:\/\/canadatibet.com\/wp-content\/uploads\/2025\/05\/3-300x109.png 300w, https:\/\/canadatibet.com\/wp-content\/uploads\/2025\/05\/3-768x279.png 768w, https:\/\/canadatibet.com\/wp-content\/uploads\/2025\/05\/3.png 1366w\" sizes=\"auto, (max-width: 1366px) 100vw, 1366px\" \/><\/figure>\n\n\n\n<figure class=\"wp-block-image size-large\"><img loading=\"lazy\" decoding=\"async\" width=\"1024\" height=\"272\" src=\"https:\/\/canadatibet.com\/wp-content\/uploads\/2025\/05\/4-1024x272.png\" alt=\"\" class=\"wp-image-6226\" srcset=\"https:\/\/canadatibet.com\/wp-content\/uploads\/2025\/05\/4-1024x272.png 1024w, https:\/\/canadatibet.com\/wp-content\/uploads\/2025\/05\/4-300x80.png 300w, https:\/\/canadatibet.com\/wp-content\/uploads\/2025\/05\/4-768x204.png 768w, https:\/\/canadatibet.com\/wp-content\/uploads\/2025\/05\/4.png 1366w\" sizes=\"auto, (max-width: 1024px) 100vw, 1024px\" \/><\/figure>\n\n\n\n<figure class=\"wp-block-image size-large\"><img loading=\"lazy\" decoding=\"async\" width=\"1024\" height=\"290\" src=\"https:\/\/canadatibet.com\/wp-content\/uploads\/2025\/05\/5-1024x290.png\" alt=\"\" class=\"wp-image-6228\" srcset=\"https:\/\/canadatibet.com\/wp-content\/uploads\/2025\/05\/5-1024x290.png 1024w, https:\/\/canadatibet.com\/wp-content\/uploads\/2025\/05\/5-300x85.png 300w, https:\/\/canadatibet.com\/wp-content\/uploads\/2025\/05\/5-768x218.png 768w, https:\/\/canadatibet.com\/wp-content\/uploads\/2025\/05\/5.png 1366w\" sizes=\"auto, (max-width: 1024px) 100vw, 1024px\" \/><\/figure>\n\n\n\n<figure class=\"wp-block-image size-large\"><img loading=\"lazy\" decoding=\"async\" width=\"1024\" height=\"355\" src=\"https:\/\/canadatibet.com\/wp-content\/uploads\/2025\/05\/6-1024x355.png\" alt=\"\" class=\"wp-image-6230\" srcset=\"https:\/\/canadatibet.com\/wp-content\/uploads\/2025\/05\/6-1024x355.png 1024w, https:\/\/canadatibet.com\/wp-content\/uploads\/2025\/05\/6-300x104.png 300w, https:\/\/canadatibet.com\/wp-content\/uploads\/2025\/05\/6-768x266.png 768w, https:\/\/canadatibet.com\/wp-content\/uploads\/2025\/05\/6.png 1366w\" sizes=\"auto, (max-width: 1024px) 100vw, 1024px\" \/><\/figure>","protected":false},"excerpt":{"rendered":"<p>Nous sommes tr\u00e8s reconnaissants des conseils et du soutien de nos conseillers principaux - des leaders en mati\u00e8re de droits de l'homme, de diplomatie et de droit international - dont les orientations renforcent l'impact et l'int\u00e9grit\u00e9 de nos activit\u00e9s de plaidoyer.<\/p>","protected":false},"author":1,"featured_media":0,"parent":0,"menu_order":0,"comment_status":"closed","ping_status":"closed","template":"","meta":{"give_campaign_id":0,"nf_dc_page":"","footnotes":""},"class_list":["post-6193","page","type-page","status-publish","hentry"],"campaignId":"","_links":{"self":[{"href":"https:\/\/canadatibet.com\/fr\/wp-json\/wp\/v2\/pages\/6193","targetHints":{"allow":["GET"]}}],"collection":[{"href":"https:\/\/canadatibet.com\/fr\/wp-json\/wp\/v2\/pages"}],"about":[{"href":"https:\/\/canadatibet.com\/fr\/wp-json\/wp\/v2\/types\/page"}],"author":[{"embeddable":true,"href":"https:\/\/canadatibet.com\/fr\/wp-json\/wp\/v2\/users\/1"}],"replies":[{"embeddable":true,"href":"https:\/\/canadatibet.com\/fr\/wp-json\/wp\/v2\/comments?post=6193"}],"version-history":[{"count":5,"href":"https:\/\/canadatibet.com\/fr\/wp-json\/wp\/v2\/pages\/6193\/revisions"}],"predecessor-version":[{"id":6234,"href":"https:\/\/canadatibet.com\/fr\/wp-json\/wp\/v2\/pages\/6193\/revisions\/6234"}],"wp:attachment":[{"href":"https:\/\/canadatibet.com\/fr\/wp-json\/wp\/v2\/media?parent=6193"}],"curies":[{"name":"wp","href":"https:\/\/api.w.org\/{rel}","templated":true}]}}