{"id":4738,"date":"2021-10-29T19:11:37","date_gmt":"2021-10-29T19:11:37","guid":{"rendered":"https:\/\/canadatibet.com\/?page_id=4738"},"modified":"2021-10-29T19:22:34","modified_gmt":"2021-10-29T19:22:34","slug":"archive","status":"publish","type":"page","link":"https:\/\/canadatibet.com\/fr\/archive\/","title":{"rendered":"Archives"},"content":{"rendered":"<div  class=\"ultp-post-grid-block wp-block-ultimate-post-post-grid-2 ultp-block-819382\"><div class=\"ultp-block-wrapper\"><div class=\"ultp-loading\"><div class=\"ultp-loading-blocks\" style=\"width:100%;height:100%;\"><div style=\"left: 0;top: 0;animation-delay:0s;\"><\/div><div style=\"left: 21px;top: 0;animation-delay:0.125s;\"><\/div><div style=\"left: 42px;top: 0;animation-delay:0.25s;\"><\/div><div style=\"left: 0;top: 21px;animation-delay:0.875s;\"><\/div><div style=\"left: 42px;top: 21px;animation-delay:0.375s;\"><\/div><div style=\"left: 0;top: 42px;animation-delay:0.75s;\"><\/div><div style=\"left: 42px;top: 42px;animation-delay:0.625s;\"><\/div><div style=\"left: 21px;top: 42px;animation-delay:0.5s;\"><\/div><\/div><\/div><div class=\"ultp-heading-filter\"><div class=\"ultp-heading-filter-in\"><div class=\"ultp-filter-navigation\"><\/div><\/div><\/div><div class=\"ultp-block-items-wrap ultp-block-row\"><div class=\"ultp-block-item post-id-6961\"><div class=\"ultp-block-content-wrap ultp-block-content-overlay\"><div class=\"ultp-block-image ultp-block-image-zoomOut ultp-block-image-overlay ultp-block-image-flat\"><a href=\"https:\/\/canadatibet.com\/fr\/representative-dr-namgyal-choedup-engages-canadian-parliamentarians-on-chinas-ethnic-autonomy-law\/\" ><img decoding=\"async\" loading=\"lazy\"  alt=\"Representative Dr. Namgyal Choedup Engages Canadian Parliamentarians on China\u2019s Ethnic Autonomy Law\"  src=\"https:\/\/canadatibet.com\/wp-content\/uploads\/2026\/04\/IMG_3731-870x570.jpg\" \/><\/a><\/div><div class=\"ultp-block-content ultp-block-content-bottomPosition\"><div class=\"ultp-block-content-inner\"><div class=\"ultp-category-grid ultp-category-classic ultp-category-aboveTitle\"><div class=\"ultp-category-in\"><a class=\"ultp-cat-advocacy\" href=\"https:\/\/canadatibet.com\/fr\/category\/advocacy\/\"  >D\u00e9fense des int\u00e9r\u00eats<\/a><a class=\"ultp-cat-uncategorized\" href=\"https:\/\/canadatibet.com\/fr\/category\/uncategorized\/\"  >Archives<\/a><a class=\"ultp-cat-human-rights-in-tibet\" href=\"https:\/\/canadatibet.com\/fr\/category\/human-rights-in-tibet\/\"  >Human rights in Tibet<\/a><a class=\"ultp-cat-news\" href=\"https:\/\/canadatibet.com\/fr\/category\/news\/\"  >Actualit\u00e9s<\/a><a class=\"ultp-cat-resolving-sino-tibetan-conflict\" href=\"https:\/\/canadatibet.com\/fr\/category\/resolving-sino-tibetan-conflict\/\"  >Resolving Sino-Tibetan Conflict<\/a><\/div><\/div><h3 class=\"ultp-block-title\"><a href=\"https:\/\/canadatibet.com\/fr\/representative-dr-namgyal-choedup-engages-canadian-parliamentarians-on-chinas-ethnic-autonomy-law\/\" >Representative Dr. Namgyal Choedup Engages Canadian Parliamentarians on China\u2019s Ethnic Autonomy Law<\/a><\/h3><div class=\"ultp-block-meta ultp-block-meta-dot ultp-block-meta-icon\"><span class=\"ultp-block-author ultp-block-meta-element\"><svg xmlns=\"http:\/\/www.w3.org\/2000\/svg\" fill=\"none\" viewbox=\"0 0 24 24\">\n  <circle cx=\"12\" cy=\"7\" r=\"4\" stroke=\"currentColor\" stroke-linejoin=\"round\" stroke-width=\"1.5\"\/>\n  <path stroke=\"currentColor\" stroke-linecap=\"round\" stroke-linejoin=\"round\" stroke-width=\"1.5\" d=\"M4 21v-3a4 4 0 0 1 4-4h8a4 4 0 0 1 4 4v3\"\/>\n<\/svg>\n<a class=\"\" href=\"https:\/\/canadatibet.com\/fr\/author\/admin\/\">CTC<\/a><\/span><\/div><\/div><\/div><\/div><\/div><div class=\"ultp-block-item post-id-6870\"><div class=\"ultp-block-content-wrap ultp-block-content-overlay\"><div class=\"ultp-block-image ultp-block-image-zoomOut ultp-block-image-overlay ultp-block-image-flat\"><a href=\"https:\/\/canadatibet.com\/fr\/tibetan-canadians-marked-its-annual-tibet-lobby-day-in-ottawa\/\" ><img decoding=\"async\" loading=\"lazy\"  alt=\"Tibetan-Canadians marked its annual Tibet Lobby Day in Ottawa\"  src=\"https:\/\/canadatibet.com\/wp-content\/uploads\/2025\/11\/IMG_0735-827x570.webp\" \/><\/a><\/div><div class=\"ultp-block-content ultp-block-content-bottomPosition\"><div class=\"ultp-block-content-inner\"><div class=\"ultp-category-grid ultp-category-classic ultp-category-aboveTitle\"><div class=\"ultp-category-in\"><a class=\"ultp-cat-advocacy\" href=\"https:\/\/canadatibet.com\/fr\/category\/advocacy\/\"  >D\u00e9fense des int\u00e9r\u00eats<\/a><a class=\"ultp-cat-uncategorized\" href=\"https:\/\/canadatibet.com\/fr\/category\/uncategorized\/\"  >Archives<\/a><a class=\"ultp-cat-canada-tibet-lobby-day\" href=\"https:\/\/canadatibet.com\/fr\/category\/canada-tibet-lobby-day\/\"  >Canada Tibet Lobby day<\/a><a class=\"ultp-cat-human-rights-in-tibet\" href=\"https:\/\/canadatibet.com\/fr\/category\/human-rights-in-tibet\/\"  >Human rights in Tibet<\/a><a class=\"ultp-cat-news\" href=\"https:\/\/canadatibet.com\/fr\/category\/news\/\"  >Actualit\u00e9s<\/a><a class=\"ultp-cat-resolving-sino-tibetan-conflict\" href=\"https:\/\/canadatibet.com\/fr\/category\/resolving-sino-tibetan-conflict\/\"  >Resolving Sino-Tibetan Conflict<\/a><\/div><\/div><h3 class=\"ultp-block-title\"><a href=\"https:\/\/canadatibet.com\/fr\/tibetan-canadians-marked-its-annual-tibet-lobby-day-in-ottawa\/\" >Tibetan-Canadians marked its annual Tibet Lobby Day in Ottawa<\/a><\/h3><div class=\"ultp-block-meta ultp-block-meta-dot ultp-block-meta-icon\"><span class=\"ultp-block-author ultp-block-meta-element\"><svg xmlns=\"http:\/\/www.w3.org\/2000\/svg\" fill=\"none\" viewbox=\"0 0 24 24\">\n  <circle cx=\"12\" cy=\"7\" r=\"4\" stroke=\"currentColor\" stroke-linejoin=\"round\" stroke-width=\"1.5\"\/>\n  <path stroke=\"currentColor\" stroke-linecap=\"round\" stroke-linejoin=\"round\" stroke-width=\"1.5\" d=\"M4 21v-3a4 4 0 0 1 4-4h8a4 4 0 0 1 4 4v3\"\/>\n<\/svg>\n<a class=\"\" href=\"https:\/\/canadatibet.com\/fr\/author\/admin\/\">CTC<\/a><\/span><\/div><\/div><\/div><\/div><\/div><div class=\"ultp-block-item post-id-6871\"><div class=\"ultp-block-content-wrap ultp-block-content-overlay\"><div class=\"ultp-block-image ultp-block-image-zoomOut ultp-block-image-overlay ultp-block-image-flat\"><a href=\"https:\/\/canadatibet.com\/fr\/6871-2\/\" ><img decoding=\"async\" loading=\"lazy\"  src=\"https:\/\/canadatibet.com\/wp-content\/plugins\/ultimate-post\/assets\/img\/ultp-fallback-img.png\" alt=\"dummy-img\" \/><\/a><\/div><div class=\"ultp-block-content ultp-block-content-bottomPosition\"><div class=\"ultp-block-content-inner\"><div class=\"ultp-category-grid ultp-category-classic ultp-category-aboveTitle\"><div class=\"ultp-category-in\"><a class=\"ultp-cat-uncategorized\" href=\"https:\/\/canadatibet.com\/fr\/category\/uncategorized\/\"  >Archives<\/a><\/div><\/div><div class=\"ultp-block-meta ultp-block-meta-dot ultp-block-meta-icon\"><span class=\"ultp-block-author ultp-block-meta-element\"><svg xmlns=\"http:\/\/www.w3.org\/2000\/svg\" fill=\"none\" viewbox=\"0 0 24 24\">\n  <circle cx=\"12\" cy=\"7\" r=\"4\" stroke=\"currentColor\" stroke-linejoin=\"round\" stroke-width=\"1.5\"\/>\n  <path stroke=\"currentColor\" stroke-linecap=\"round\" stroke-linejoin=\"round\" stroke-width=\"1.5\" d=\"M4 21v-3a4 4 0 0 1 4-4h8a4 4 0 0 1 4 4v3\"\/>\n<\/svg>\n<a class=\"\" href=\"https:\/\/canadatibet.com\/fr\/author\/admin\/\">CTC<\/a><\/span><\/div><\/div><\/div><\/div><\/div><div class=\"ultp-block-item post-id-6699\"><div class=\"ultp-block-content-wrap ultp-block-content-overlay\"><div class=\"ultp-block-image ultp-block-image-zoomOut ultp-block-image-overlay ultp-block-image-flat\"><a href=\"https:\/\/canadatibet.com\/fr\/sikyong-penpa-tsering-concludes-ottawa-visit-with-press-conference-parliamentary-meetings-and-think-tank-dis\/\" ><img decoding=\"async\" loading=\"lazy\"  alt=\"Sikyong Penpa Tsering concludes Ottawa visit with press conference, parliamentary meetings and think tank dis\"  src=\"https:\/\/canadatibet.com\/wp-content\/uploads\/2025\/10\/IMG_0191-1-870x570.webp\" \/><\/a><\/div><div class=\"ultp-block-content ultp-block-content-bottomPosition\"><div class=\"ultp-block-content-inner\"><div class=\"ultp-category-grid ultp-category-classic ultp-category-aboveTitle\"><div class=\"ultp-category-in\"><a class=\"ultp-cat-uncategorized\" href=\"https:\/\/canadatibet.com\/fr\/category\/uncategorized\/\"  >Archives<\/a><a class=\"ultp-cat-human-rights-in-tibet\" href=\"https:\/\/canadatibet.com\/fr\/category\/human-rights-in-tibet\/\"  >Human rights in Tibet<\/a><a class=\"ultp-cat-news\" href=\"https:\/\/canadatibet.com\/fr\/category\/news\/\"  >Actualit\u00e9s<\/a><a class=\"ultp-cat-resolving-sino-tibetan-conflict\" href=\"https:\/\/canadatibet.com\/fr\/category\/resolving-sino-tibetan-conflict\/\"  >Resolving Sino-Tibetan Conflict<\/a><\/div><\/div><h3 class=\"ultp-block-title\"><a href=\"https:\/\/canadatibet.com\/fr\/sikyong-penpa-tsering-concludes-ottawa-visit-with-press-conference-parliamentary-meetings-and-think-tank-dis\/\" >Sikyong Penpa Tsering concludes Ottawa visit with press conference, parliamentary meetings and think tank dis<\/a><\/h3><div class=\"ultp-block-meta ultp-block-meta-dot ultp-block-meta-icon\"><span class=\"ultp-block-author ultp-block-meta-element\"><svg xmlns=\"http:\/\/www.w3.org\/2000\/svg\" fill=\"none\" viewbox=\"0 0 24 24\">\n  <circle cx=\"12\" cy=\"7\" r=\"4\" stroke=\"currentColor\" stroke-linejoin=\"round\" stroke-width=\"1.5\"\/>\n  <path stroke=\"currentColor\" stroke-linecap=\"round\" stroke-linejoin=\"round\" stroke-width=\"1.5\" d=\"M4 21v-3a4 4 0 0 1 4-4h8a4 4 0 0 1 4 4v3\"\/>\n<\/svg>\n<a class=\"\" href=\"https:\/\/canadatibet.com\/fr\/author\/admin\/\">CTC<\/a><\/span><\/div><\/div><\/div><\/div><\/div><div class=\"ultp-block-item post-id-6663\"><div class=\"ultp-block-content-wrap ultp-block-content-overlay\"><div class=\"ultp-block-image ultp-block-image-zoomOut ultp-block-image-overlay ultp-block-image-flat\"><a href=\"https:\/\/canadatibet.com\/fr\/tibetan-political-leader-sikyong-penpa-tsering-visits-ottawa-meets-canadian-lawmakers-and-journalists\/\" ><img decoding=\"async\" loading=\"lazy\"  alt=\"Tibetan Political Leader Sikyong Penpa Tsering Visits Ottawa, Meets Canadian Parliamentarians and Media\"  src=\"https:\/\/canadatibet.com\/wp-content\/uploads\/2025\/10\/James-Maloney-870x570.jpg\" \/><\/a><\/div><div class=\"ultp-block-content ultp-block-content-bottomPosition\"><div class=\"ultp-block-content-inner\"><div class=\"ultp-category-grid ultp-category-classic ultp-category-aboveTitle\"><div class=\"ultp-category-in\"><a class=\"ultp-cat-advocacy\" href=\"https:\/\/canadatibet.com\/fr\/category\/advocacy\/\"  >D\u00e9fense des int\u00e9r\u00eats<\/a><a class=\"ultp-cat-uncategorized\" href=\"https:\/\/canadatibet.com\/fr\/category\/uncategorized\/\"  >Archives<\/a><a class=\"ultp-cat-human-rights-in-tibet\" href=\"https:\/\/canadatibet.com\/fr\/category\/human-rights-in-tibet\/\"  >Human rights in Tibet<\/a><a class=\"ultp-cat-news\" href=\"https:\/\/canadatibet.com\/fr\/category\/news\/\"  >Actualit\u00e9s<\/a><a class=\"ultp-cat-resolving-sino-tibetan-conflict\" href=\"https:\/\/canadatibet.com\/fr\/category\/resolving-sino-tibetan-conflict\/\"  >Resolving Sino-Tibetan Conflict<\/a><\/div><\/div><h3 class=\"ultp-block-title\"><a href=\"https:\/\/canadatibet.com\/fr\/tibetan-political-leader-sikyong-penpa-tsering-visits-ottawa-meets-canadian-lawmakers-and-journalists\/\" >Tibetan Political Leader Sikyong Penpa Tsering Visits Ottawa, Meets Canadian Parliamentarians and Media<\/a><\/h3><div class=\"ultp-block-meta ultp-block-meta-dot ultp-block-meta-icon\"><span class=\"ultp-block-author ultp-block-meta-element\"><svg xmlns=\"http:\/\/www.w3.org\/2000\/svg\" fill=\"none\" viewbox=\"0 0 24 24\">\n  <circle cx=\"12\" cy=\"7\" r=\"4\" stroke=\"currentColor\" stroke-linejoin=\"round\" stroke-width=\"1.5\"\/>\n  <path stroke=\"currentColor\" stroke-linecap=\"round\" stroke-linejoin=\"round\" stroke-width=\"1.5\" d=\"M4 21v-3a4 4 0 0 1 4-4h8a4 4 0 0 1 4 4v3\"\/>\n<\/svg>\n<a class=\"\" href=\"https:\/\/canadatibet.com\/fr\/author\/admin\/\">CTC<\/a><\/span><\/div><\/div><\/div><\/div><\/div><div class=\"ultp-block-item post-id-6185\"><div class=\"ultp-block-content-wrap ultp-block-content-overlay\"><div class=\"ultp-block-image ultp-block-image-zoomOut ultp-block-image-overlay ultp-block-image-flat\"><a href=\"https:\/\/canadatibet.com\/fr\/in-honour-of-tashi-wangdi-a-statesman-mentor-and-beloved-friend-of-the-ctc\/\" ><img decoding=\"async\" loading=\"lazy\"  alt=\"In Honour of Tashi Wangdi: A Statesman, Mentor, and Beloved Friend of the CTC\"  src=\"https:\/\/canadatibet.com\/wp-content\/uploads\/2025\/05\/Untitled-design-4-870x570.png\" \/><\/a><\/div><div class=\"ultp-block-content ultp-block-content-bottomPosition\"><div class=\"ultp-block-content-inner\"><div class=\"ultp-category-grid ultp-category-classic ultp-category-aboveTitle\"><div class=\"ultp-category-in\"><a class=\"ultp-cat-uncategorized\" href=\"https:\/\/canadatibet.com\/fr\/category\/uncategorized\/\"  >Archives<\/a><a class=\"ultp-cat-news\" href=\"https:\/\/canadatibet.com\/fr\/category\/news\/\"  >Actualit\u00e9s<\/a><\/div><\/div><h3 class=\"ultp-block-title\"><a href=\"https:\/\/canadatibet.com\/fr\/in-honour-of-tashi-wangdi-a-statesman-mentor-and-beloved-friend-of-the-ctc\/\" >En l'honneur de Tashi Wangdi : Un homme d'\u00c9tat, un mentor et un ami bien-aim\u00e9 de la CCT<\/a><\/h3><div class=\"ultp-block-meta ultp-block-meta-dot ultp-block-meta-icon\"><span class=\"ultp-block-author ultp-block-meta-element\"><svg xmlns=\"http:\/\/www.w3.org\/2000\/svg\" fill=\"none\" viewbox=\"0 0 24 24\">\n  <circle cx=\"12\" cy=\"7\" r=\"4\" stroke=\"currentColor\" stroke-linejoin=\"round\" stroke-width=\"1.5\"\/>\n  <path stroke=\"currentColor\" stroke-linecap=\"round\" stroke-linejoin=\"round\" stroke-width=\"1.5\" d=\"M4 21v-3a4 4 0 0 1 4-4h8a4 4 0 0 1 4 4v3\"\/>\n<\/svg>\n<a class=\"\" href=\"https:\/\/canadatibet.com\/fr\/author\/admin\/\">CTC<\/a><\/span><\/div><\/div><\/div><\/div><\/div><\/div><div class=\"ultp-pagination-wrap ultp-pagination-ajax-action\" data-paged=\"1\" data-expost=\"\"  data-blockid=\"819382\" data-postid=\"4738\" data-pages=\"17\" data-blockname=\"ultimate-post_post-grid-2\" data-selfpostid=\"no\"><ul class=\"ultp-pagination\"><li class=\"ultp-prev-page-numbers\" style=\"display:none\"><a href=\"https:\/\/canadatibet.com\/fr\/wp-json\/wp\/v2\/pages\/4738\/\"><svg xmlns=\"http:\/\/www.w3.org\/2000\/svg\" fill=\"none\" viewbox=\"0 0 24 24\">\n  <path stroke=\"currentColor\" stroke-linecap=\"round\" stroke-linejoin=\"round\" stroke-width=\"1.5\" d=\"m15 18-6-6 6-6\"\/>\n<\/svg>\n Previous<\/a><\/li><li class=\"ultp-first-pages\" style=\"display:none\" data-current=\"1\"><a href=\"https:\/\/canadatibet.com\/fr\/wp-json\/wp\/v2\/pages\/4738\/\">1<\/a><\/li><li class=\"ultp-first-dot\"style=\"display:none\"><a href=\"#\">&#8230;<\/a><\/li><li class=\"ultp-center-item pagination-active\" data-current=\"1\"><a href=\"https:\/\/canadatibet.com\/fr\/wp-json\/wp\/v2\/pages\/4738\/\">1<\/a><\/li><li class=\"ultp-center-item\" data-current=\"2\" ><a href=\"https:\/\/canadatibet.com\/fr\/wp-json\/wp\/v2\/pages\/4738\/page\/2\/\">2<\/a><\/li><li class=\"ultp-center-item\" data-current=\"3\" ><a href=\"https:\/\/canadatibet.com\/fr\/wp-json\/wp\/v2\/pages\/4738\/page\/3\/\">3<\/a><\/li><li class=\"ultp-last-dot\" ><a href=\"#\">&#8230;<\/a><\/li><li class=\"ultp-last-pages\" data-current=\"17\"><a href=\"https:\/\/canadatibet.com\/fr\/wp-json\/wp\/v2\/pages\/4738\/page\/17\/\">17<\/a><\/li><li class=\"ultp-next-page-numbers\"><a href=\"https:\/\/canadatibet.com\/fr\/wp-json\/wp\/v2\/pages\/4738\/page\/2\/\">Next<svg xmlns=\"http:\/\/www.w3.org\/2000\/svg\" fill=\"none\" viewbox=\"0 0 24 24\">\n  <path stroke=\"currentColor\" stroke-linecap=\"round\" stroke-linejoin=\"round\" stroke-width=\"1.5\" d=\"m9 18 6-6-6-6\"\/>\n<\/svg>\n<\/a><\/li><\/ul><\/div><\/div><div class=\"pagination-block-html\" aria-hidden=\"true\" style=\"display: none;\"><\/div><\/div>","protected":false},"excerpt":{"rendered":"","protected":false},"author":1,"featured_media":0,"parent":0,"menu_order":0,"comment_status":"closed","ping_status":"closed","template":"","meta":{"give_campaign_id":0,"nf_dc_page":"","footnotes":""},"class_list":["post-4738","page","type-page","status-publish","hentry"],"campaignId":"","_links":{"self":[{"href":"https:\/\/canadatibet.com\/fr\/wp-json\/wp\/v2\/pages\/4738","targetHints":{"allow":["GET"]}}],"collection":[{"href":"https:\/\/canadatibet.com\/fr\/wp-json\/wp\/v2\/pages"}],"about":[{"href":"https:\/\/canadatibet.com\/fr\/wp-json\/wp\/v2\/types\/page"}],"author":[{"embeddable":true,"href":"https:\/\/canadatibet.com\/fr\/wp-json\/wp\/v2\/users\/1"}],"replies":[{"embeddable":true,"href":"https:\/\/canadatibet.com\/fr\/wp-json\/wp\/v2\/comments?post=4738"}],"version-history":[{"count":5,"href":"https:\/\/canadatibet.com\/fr\/wp-json\/wp\/v2\/pages\/4738\/revisions"}],"predecessor-version":[{"id":4745,"href":"https:\/\/canadatibet.com\/fr\/wp-json\/wp\/v2\/pages\/4738\/revisions\/4745"}],"wp:attachment":[{"href":"https:\/\/canadatibet.com\/fr\/wp-json\/wp\/v2\/media?parent=4738"}],"curies":[{"name":"wp","href":"https:\/\/api.w.org\/{rel}","templated":true}]}}