{"id":4678,"date":"2021-10-28T23:19:44","date_gmt":"2021-10-28T23:19:44","guid":{"rendered":"https:\/\/canadatibet.com\/?page_id=4678"},"modified":"2021-11-01T23:56:09","modified_gmt":"2021-11-01T23:56:09","slug":"report","status":"publish","type":"page","link":"https:\/\/canadatibet.com\/fr\/report\/","title":{"rendered":"Rapport"},"content":{"rendered":"<div  class=\"ultp-post-grid-block wp-block-ultimate-post-post-grid-2 ultp-block-185e79\"><div class=\"ultp-block-wrapper\"><div class=\"ultp-loading\"><div class=\"ultp-loading-blocks\" style=\"width:100%;height:100%;\"><div style=\"left: 0;top: 0;animation-delay:0s;\"><\/div><div style=\"left: 21px;top: 0;animation-delay:0.125s;\"><\/div><div style=\"left: 42px;top: 0;animation-delay:0.25s;\"><\/div><div style=\"left: 0;top: 21px;animation-delay:0.875s;\"><\/div><div style=\"left: 42px;top: 21px;animation-delay:0.375s;\"><\/div><div style=\"left: 0;top: 42px;animation-delay:0.75s;\"><\/div><div style=\"left: 42px;top: 42px;animation-delay:0.625s;\"><\/div><div style=\"left: 21px;top: 42px;animation-delay:0.5s;\"><\/div><\/div><\/div><div class=\"ultp-block-items-wrap ultp-block-row\"><div class=\"ultp-block-item post-id-5778\"><div class=\"ultp-block-content-wrap ultp-block-content-overlay\"><div class=\"ultp-block-image ultp-block-image-zoomOut ultp-block-image-overlay ultp-block-image-flat\"><a href=\"https:\/\/canadatibet.com\/fr\/the-government-of-canada-responds-to-parliamentary-report-on-human-rights-in-tibet\/\" ><img decoding=\"async\" loading=\"lazy\"  alt=\"The Government of Canada Responds to Parliamentary Report on Human Rights in Tibet\"  src=\"https:\/\/canadatibet.com\/wp-content\/uploads\/2023\/10\/The-Government-of-Canada-responds-to-the-parliament-870x570.jpg\" \/><\/a><\/div><div class=\"ultp-block-content ultp-block-content-bottomPosition\"><div class=\"ultp-block-content-inner\"><div class=\"ultp-category-grid ultp-category-classic ultp-category-aboveTitle\"><div class=\"ultp-category-in\"><a class=\"ultp-cat-human-rights-in-tibet\" href=\"https:\/\/canadatibet.com\/fr\/category\/human-rights-in-tibet\/\"  >Human rights in Tibet<\/a><a class=\"ultp-cat-news\" href=\"https:\/\/canadatibet.com\/fr\/category\/news\/\"  >Actualit\u00e9s<\/a><a class=\"ultp-cat-report\" href=\"https:\/\/canadatibet.com\/fr\/category\/report\/\"  >Rapport<\/a><a class=\"ultp-cat-research-and-monitoring\" href=\"https:\/\/canadatibet.com\/fr\/category\/research-and-monitoring\/\"  >Research and monitoring<\/a><\/div><\/div><h3 class=\"ultp-block-title\"><a href=\"https:\/\/canadatibet.com\/fr\/the-government-of-canada-responds-to-parliamentary-report-on-human-rights-in-tibet\/\" >The Government of Canada Responds to Parliamentary Report on Human Rights in Tibet<\/a><\/h3><div class=\"ultp-block-meta ultp-block-meta-dot ultp-block-meta-icon\"><span class=\"ultp-block-author ultp-block-meta-element\"><svg xmlns=\"http:\/\/www.w3.org\/2000\/svg\" fill=\"none\" viewbox=\"0 0 24 24\">\n  <circle cx=\"12\" cy=\"7\" r=\"4\" stroke=\"currentColor\" stroke-linejoin=\"round\" stroke-width=\"1.5\"\/>\n  <path stroke=\"currentColor\" stroke-linecap=\"round\" stroke-linejoin=\"round\" stroke-width=\"1.5\" d=\"M4 21v-3a4 4 0 0 1 4-4h8a4 4 0 0 1 4 4v3\"\/>\n<\/svg>\n<a class=\"\" href=\"https:\/\/canadatibet.com\/fr\/author\/admin\/\">CTC<\/a><\/span><span class=\"ultp-block-date ultp-block-meta-element\"><svg xmlns=\"http:\/\/www.w3.org\/2000\/svg\" fill=\"none\" viewbox=\"0 0 24 24\">\n  <path stroke=\"currentColor\" stroke-linecap=\"round\" stroke-linejoin=\"round\" stroke-width=\"1.5\" d=\"M3 5.5a2 2 0 0 1 2-2h14a2 2 0 0 1 2 2v14a2 2 0 0 1-2 2H5a2 2 0 0 1-2-2v-14ZM8 2v3m8-3v3M3 9h18\"\/>\n<\/svg>\nOct 18, 2023<\/span><\/div><\/div><\/div><\/div><\/div><div class=\"ultp-block-item post-id-5452\"><div class=\"ultp-block-content-wrap ultp-block-content-overlay\"><div class=\"ultp-block-image ultp-block-image-zoomOut ultp-block-image-overlay ultp-block-image-flat\"><a href=\"https:\/\/canadatibet.com\/fr\/canadas-parliamentary-committee-issues-tibet-report-demands-a-more-focused-tibet-policy-from-government-of-canada\/\" ><img decoding=\"async\" loading=\"lazy\"  alt=\"Canada\u2019s Parliamentary Committee Issues Tibet Report: Demands a more-focused Tibet policy from Government of Canada\"  src=\"https:\/\/canadatibet.com\/wp-content\/uploads\/2023\/06\/Screenshot-2023-06-19-at-3.20.05-PM-870x570.png\" \/><\/a><\/div><div class=\"ultp-block-content ultp-block-content-bottomPosition\"><div class=\"ultp-block-content-inner\"><div class=\"ultp-category-grid ultp-category-classic ultp-category-aboveTitle\"><div class=\"ultp-category-in\"><a class=\"ultp-cat-human-rights-in-tibet\" href=\"https:\/\/canadatibet.com\/fr\/category\/human-rights-in-tibet\/\"  >Human rights in Tibet<\/a><a class=\"ultp-cat-news\" href=\"https:\/\/canadatibet.com\/fr\/category\/news\/\"  >Actualit\u00e9s<\/a><a class=\"ultp-cat-report\" href=\"https:\/\/canadatibet.com\/fr\/category\/report\/\"  >Rapport<\/a><a class=\"ultp-cat-research-and-monitoring\" href=\"https:\/\/canadatibet.com\/fr\/category\/research-and-monitoring\/\"  >Research and monitoring<\/a><\/div><\/div><h3 class=\"ultp-block-title\"><a href=\"https:\/\/canadatibet.com\/fr\/canadas-parliamentary-committee-issues-tibet-report-demands-a-more-focused-tibet-policy-from-government-of-canada\/\" >Canada\u2019s Parliamentary Committee Issues Tibet Report: Demands a more-focused Tibet policy from Government of Canada<\/a><\/h3><div class=\"ultp-block-meta ultp-block-meta-dot ultp-block-meta-icon\"><span class=\"ultp-block-author ultp-block-meta-element\"><svg xmlns=\"http:\/\/www.w3.org\/2000\/svg\" fill=\"none\" viewbox=\"0 0 24 24\">\n  <circle cx=\"12\" cy=\"7\" r=\"4\" stroke=\"currentColor\" stroke-linejoin=\"round\" stroke-width=\"1.5\"\/>\n  <path stroke=\"currentColor\" stroke-linecap=\"round\" stroke-linejoin=\"round\" stroke-width=\"1.5\" d=\"M4 21v-3a4 4 0 0 1 4-4h8a4 4 0 0 1 4 4v3\"\/>\n<\/svg>\n<a class=\"\" href=\"https:\/\/canadatibet.com\/fr\/author\/admin\/\">CTC<\/a><\/span><span class=\"ultp-block-date ultp-block-meta-element\"><svg xmlns=\"http:\/\/www.w3.org\/2000\/svg\" fill=\"none\" viewbox=\"0 0 24 24\">\n  <path stroke=\"currentColor\" stroke-linecap=\"round\" stroke-linejoin=\"round\" stroke-width=\"1.5\" d=\"M3 5.5a2 2 0 0 1 2-2h14a2 2 0 0 1 2 2v14a2 2 0 0 1-2 2H5a2 2 0 0 1-2-2v-14ZM8 2v3m8-3v3M3 9h18\"\/>\n<\/svg>\nJuin 20, 2023<\/span><\/div><\/div><\/div><\/div><\/div><div class=\"ultp-block-item post-id-5423\"><div class=\"ultp-block-content-wrap ultp-block-content-overlay\"><div class=\"ultp-block-image ultp-block-image-zoomOut ultp-block-image-overlay ultp-block-image-flat\"><a href=\"https:\/\/canadatibet.com\/fr\/parliamentary-review-of-chinas-residential-boarding-schools-and-preschools-in-tibet\/\" ><img decoding=\"async\" loading=\"lazy\"  alt=\"Parliamentary Review of China&#8217;s Residential Boarding Schools and Preschools in Tibet\"  src=\"https:\/\/canadatibet.com\/wp-content\/uploads\/2023\/05\/Screenshot-2023-04-23-at-12.15.50-AM-870x570.png\" \/><\/a><\/div><div class=\"ultp-block-content ultp-block-content-bottomPosition\"><div class=\"ultp-block-content-inner\"><div class=\"ultp-category-grid ultp-category-classic ultp-category-aboveTitle\"><div class=\"ultp-category-in\"><a class=\"ultp-cat-human-rights-in-tibet\" href=\"https:\/\/canadatibet.com\/fr\/category\/human-rights-in-tibet\/\"  >Human rights in Tibet<\/a><a class=\"ultp-cat-news\" href=\"https:\/\/canadatibet.com\/fr\/category\/news\/\"  >Actualit\u00e9s<\/a><a class=\"ultp-cat-report\" href=\"https:\/\/canadatibet.com\/fr\/category\/report\/\"  >Rapport<\/a><a class=\"ultp-cat-research-and-monitoring\" href=\"https:\/\/canadatibet.com\/fr\/category\/research-and-monitoring\/\"  >Research and monitoring<\/a><\/div><\/div><h3 class=\"ultp-block-title\"><a href=\"https:\/\/canadatibet.com\/fr\/parliamentary-review-of-chinas-residential-boarding-schools-and-preschools-in-tibet\/\" >Parliamentary Review of China&#8217;s Residential Boarding Schools and Preschools in Tibet<\/a><\/h3><div class=\"ultp-block-meta ultp-block-meta-dot ultp-block-meta-icon\"><span class=\"ultp-block-author ultp-block-meta-element\"><svg xmlns=\"http:\/\/www.w3.org\/2000\/svg\" fill=\"none\" viewbox=\"0 0 24 24\">\n  <circle cx=\"12\" cy=\"7\" r=\"4\" stroke=\"currentColor\" stroke-linejoin=\"round\" stroke-width=\"1.5\"\/>\n  <path stroke=\"currentColor\" stroke-linecap=\"round\" stroke-linejoin=\"round\" stroke-width=\"1.5\" d=\"M4 21v-3a4 4 0 0 1 4-4h8a4 4 0 0 1 4 4v3\"\/>\n<\/svg>\n<a class=\"\" href=\"https:\/\/canadatibet.com\/fr\/author\/admin\/\">CTC<\/a><\/span><span class=\"ultp-block-date ultp-block-meta-element\"><svg xmlns=\"http:\/\/www.w3.org\/2000\/svg\" fill=\"none\" viewbox=\"0 0 24 24\">\n  <path stroke=\"currentColor\" stroke-linecap=\"round\" stroke-linejoin=\"round\" stroke-width=\"1.5\" d=\"M3 5.5a2 2 0 0 1 2-2h14a2 2 0 0 1 2 2v14a2 2 0 0 1-2 2H5a2 2 0 0 1-2-2v-14ZM8 2v3m8-3v3M3 9h18\"\/>\n<\/svg>\nAvr 21, 2023<\/span><\/div><\/div><\/div><\/div><\/div><div class=\"ultp-block-item post-id-5383\"><div class=\"ultp-block-content-wrap ultp-block-content-overlay\"><div class=\"ultp-block-image ultp-block-image-zoomOut ultp-block-image-overlay ultp-block-image-flat\"><a href=\"https:\/\/canadatibet.com\/fr\/historical-roots-and-contemporary-manifestations-of-chinas-growing-insecurities\/\" ><img decoding=\"async\" loading=\"lazy\"  alt=\"Historical roots and contemporary manifestations of China\u2019s growing insecurities\u00a0\"  src=\"https:\/\/canadatibet.com\/wp-content\/uploads\/2023\/04\/IMG_9359-1-870x570.jpg\" \/><\/a><\/div><div class=\"ultp-block-content ultp-block-content-bottomPosition\"><div class=\"ultp-block-content-inner\"><div class=\"ultp-category-grid ultp-category-classic ultp-category-aboveTitle\"><div class=\"ultp-category-in\"><a class=\"ultp-cat-human-rights-in-tibet\" href=\"https:\/\/canadatibet.com\/fr\/category\/human-rights-in-tibet\/\"  >Human rights in Tibet<\/a><a class=\"ultp-cat-news\" href=\"https:\/\/canadatibet.com\/fr\/category\/news\/\"  >Actualit\u00e9s<\/a><a class=\"ultp-cat-report\" href=\"https:\/\/canadatibet.com\/fr\/category\/report\/\"  >Rapport<\/a><a class=\"ultp-cat-research-and-monitoring\" href=\"https:\/\/canadatibet.com\/fr\/category\/research-and-monitoring\/\"  >Research and monitoring<\/a><\/div><\/div><h3 class=\"ultp-block-title\"><a href=\"https:\/\/canadatibet.com\/fr\/historical-roots-and-contemporary-manifestations-of-chinas-growing-insecurities\/\" >Historical roots and contemporary manifestations of China\u2019s growing insecurities\u00a0<\/a><\/h3><div class=\"ultp-block-meta ultp-block-meta-dot ultp-block-meta-icon\"><span class=\"ultp-block-author ultp-block-meta-element\"><svg xmlns=\"http:\/\/www.w3.org\/2000\/svg\" fill=\"none\" viewbox=\"0 0 24 24\">\n  <circle cx=\"12\" cy=\"7\" r=\"4\" stroke=\"currentColor\" stroke-linejoin=\"round\" stroke-width=\"1.5\"\/>\n  <path stroke=\"currentColor\" stroke-linecap=\"round\" stroke-linejoin=\"round\" stroke-width=\"1.5\" d=\"M4 21v-3a4 4 0 0 1 4-4h8a4 4 0 0 1 4 4v3\"\/>\n<\/svg>\n<a class=\"\" href=\"https:\/\/canadatibet.com\/fr\/author\/admin\/\">CTC<\/a><\/span><span class=\"ultp-block-date ultp-block-meta-element\"><svg xmlns=\"http:\/\/www.w3.org\/2000\/svg\" fill=\"none\" viewbox=\"0 0 24 24\">\n  <path stroke=\"currentColor\" stroke-linecap=\"round\" stroke-linejoin=\"round\" stroke-width=\"1.5\" d=\"M3 5.5a2 2 0 0 1 2-2h14a2 2 0 0 1 2 2v14a2 2 0 0 1-2 2H5a2 2 0 0 1-2-2v-14ZM8 2v3m8-3v3M3 9h18\"\/>\n<\/svg>\nAvr 17, 2023<\/span><\/div><\/div><\/div><\/div><\/div><div class=\"ultp-block-item post-id-4295\"><div class=\"ultp-block-content-wrap ultp-block-content-overlay\"><div class=\"ultp-block-image ultp-block-image-zoomOut ultp-block-image-overlay ultp-block-image-flat\"><a href=\"https:\/\/canadatibet.com\/fr\/nullam-non-vehicula-nunc\/\" ><img decoding=\"async\" loading=\"lazy\"  alt=\"The Evolution of Canada\u2019s Tibet Policy\"  src=\"https:\/\/canadatibet.com\/wp-content\/uploads\/2023\/06\/Screenshot-2023-06-19-at-3.20.05-PM-870x570.png\" \/><\/a><\/div><div class=\"ultp-block-content ultp-block-content-bottomPosition\"><div class=\"ultp-block-content-inner\"><div class=\"ultp-category-grid ultp-category-classic ultp-category-aboveTitle\"><div class=\"ultp-category-in\"><a class=\"ultp-cat-report\" href=\"https:\/\/canadatibet.com\/fr\/category\/report\/\"  >Rapport<\/a><a class=\"ultp-cat-slide-show\" href=\"https:\/\/canadatibet.com\/fr\/category\/slide-show\/\"  >slide show<\/a><\/div><\/div><h3 class=\"ultp-block-title\"><a href=\"https:\/\/canadatibet.com\/fr\/nullam-non-vehicula-nunc\/\" >The Evolution of Canada\u2019s Tibet Policy<\/a><\/h3><div class=\"ultp-block-meta ultp-block-meta-dot ultp-block-meta-icon\"><span class=\"ultp-block-author ultp-block-meta-element\"><svg xmlns=\"http:\/\/www.w3.org\/2000\/svg\" fill=\"none\" viewbox=\"0 0 24 24\">\n  <circle cx=\"12\" cy=\"7\" r=\"4\" stroke=\"currentColor\" stroke-linejoin=\"round\" stroke-width=\"1.5\"\/>\n  <path stroke=\"currentColor\" stroke-linecap=\"round\" stroke-linejoin=\"round\" stroke-width=\"1.5\" d=\"M4 21v-3a4 4 0 0 1 4-4h8a4 4 0 0 1 4 4v3\"\/>\n<\/svg>\n<a class=\"\" href=\"https:\/\/canadatibet.com\/fr\/author\/admin\/\">CTC<\/a><\/span><span class=\"ultp-block-date ultp-block-meta-element\"><svg xmlns=\"http:\/\/www.w3.org\/2000\/svg\" fill=\"none\" viewbox=\"0 0 24 24\">\n  <path stroke=\"currentColor\" stroke-linecap=\"round\" stroke-linejoin=\"round\" stroke-width=\"1.5\" d=\"M3 5.5a2 2 0 0 1 2-2h14a2 2 0 0 1 2 2v14a2 2 0 0 1-2 2H5a2 2 0 0 1-2-2v-14ZM8 2v3m8-3v3M3 9h18\"\/>\n<\/svg>\nAo\u00fbt 13, 2021<\/span><\/div><\/div><\/div><\/div><\/div><div class=\"ultp-block-item post-id-4877\"><div class=\"ultp-block-content-wrap ultp-block-content-overlay\"><div class=\"ultp-block-image ultp-block-image-zoomOut ultp-block-image-overlay ultp-block-image-flat\"><a href=\"https:\/\/canadatibet.com\/fr\/china-3rd-cycle-universal-periodic-review\/\" ><img decoding=\"async\" loading=\"lazy\"  alt=\"China 3rd Cycle Universal Periodic Review\"  src=\"https:\/\/canadatibet.com\/wp-content\/uploads\/2019\/06\/Screen-Shot-2021-11-01-at-7.48.27-PM-870x570.png\" \/><\/a><\/div><div class=\"ultp-block-content ultp-block-content-bottomPosition\"><div class=\"ultp-block-content-inner\"><div class=\"ultp-category-grid ultp-category-classic ultp-category-aboveTitle\"><div class=\"ultp-category-in\"><a class=\"ultp-cat-advocacy\" href=\"https:\/\/canadatibet.com\/fr\/category\/advocacy\/\"  >D\u00e9fense des int\u00e9r\u00eats<\/a><a class=\"ultp-cat-human-rights-in-tibet\" href=\"https:\/\/canadatibet.com\/fr\/category\/human-rights-in-tibet\/\"  >Human rights in Tibet<\/a><a class=\"ultp-cat-report\" href=\"https:\/\/canadatibet.com\/fr\/category\/report\/\"  >Rapport<\/a><a class=\"ultp-cat-research-and-monitoring\" href=\"https:\/\/canadatibet.com\/fr\/category\/research-and-monitoring\/\"  >Research and monitoring<\/a><a class=\"ultp-cat-resolving-sino-tibetan-conflict\" href=\"https:\/\/canadatibet.com\/fr\/category\/resolving-sino-tibetan-conflict\/\"  >Resolving Sino-Tibetan Conflict<\/a><\/div><\/div><h3 class=\"ultp-block-title\"><a href=\"https:\/\/canadatibet.com\/fr\/china-3rd-cycle-universal-periodic-review\/\" >China 3rd Cycle Universal Periodic Review<\/a><\/h3><div class=\"ultp-block-meta ultp-block-meta-dot ultp-block-meta-icon\"><span class=\"ultp-block-author ultp-block-meta-element\"><svg xmlns=\"http:\/\/www.w3.org\/2000\/svg\" fill=\"none\" viewbox=\"0 0 24 24\">\n  <circle cx=\"12\" cy=\"7\" r=\"4\" stroke=\"currentColor\" stroke-linejoin=\"round\" stroke-width=\"1.5\"\/>\n  <path stroke=\"currentColor\" stroke-linecap=\"round\" stroke-linejoin=\"round\" stroke-width=\"1.5\" d=\"M4 21v-3a4 4 0 0 1 4-4h8a4 4 0 0 1 4 4v3\"\/>\n<\/svg>\n<a class=\"\" href=\"https:\/\/canadatibet.com\/fr\/author\/admin\/\">CTC<\/a><\/span><span class=\"ultp-block-date ultp-block-meta-element\"><svg xmlns=\"http:\/\/www.w3.org\/2000\/svg\" fill=\"none\" viewbox=\"0 0 24 24\">\n  <path stroke=\"currentColor\" stroke-linecap=\"round\" stroke-linejoin=\"round\" stroke-width=\"1.5\" d=\"M3 5.5a2 2 0 0 1 2-2h14a2 2 0 0 1 2 2v14a2 2 0 0 1-2 2H5a2 2 0 0 1-2-2v-14ZM8 2v3m8-3v3M3 9h18\"\/>\n<\/svg>\nJuin 2, 2019<\/span><\/div><\/div><\/div><\/div><\/div><\/div><\/div><div class=\"pagination-block-html\" aria-hidden=\"true\" style=\"display: none;\"><\/div><\/div>","protected":false},"excerpt":{"rendered":"","protected":false},"author":1,"featured_media":0,"parent":0,"menu_order":0,"comment_status":"closed","ping_status":"closed","template":"","meta":{"give_campaign_id":0,"nf_dc_page":"","footnotes":""},"class_list":["post-4678","page","type-page","status-publish","hentry"],"campaignId":"","_links":{"self":[{"href":"https:\/\/canadatibet.com\/fr\/wp-json\/wp\/v2\/pages\/4678","targetHints":{"allow":["GET"]}}],"collection":[{"href":"https:\/\/canadatibet.com\/fr\/wp-json\/wp\/v2\/pages"}],"about":[{"href":"https:\/\/canadatibet.com\/fr\/wp-json\/wp\/v2\/types\/page"}],"author":[{"embeddable":true,"href":"https:\/\/canadatibet.com\/fr\/wp-json\/wp\/v2\/users\/1"}],"replies":[{"embeddable":true,"href":"https:\/\/canadatibet.com\/fr\/wp-json\/wp\/v2\/comments?post=4678"}],"version-history":[{"count":8,"href":"https:\/\/canadatibet.com\/fr\/wp-json\/wp\/v2\/pages\/4678\/revisions"}],"predecessor-version":[{"id":6150,"href":"https:\/\/canadatibet.com\/fr\/wp-json\/wp\/v2\/pages\/4678\/revisions\/6150"}],"wp:attachment":[{"href":"https:\/\/canadatibet.com\/fr\/wp-json\/wp\/v2\/media?parent=4678"}],"curies":[{"name":"wp","href":"https:\/\/api.w.org\/{rel}","templated":true}]}}