{"id":30,"date":"2020-04-13T11:18:54","date_gmt":"2020-04-13T11:18:54","guid":{"rendered":"https:\/\/canadatibet.com\/home\/"},"modified":"2025-09-21T01:15:48","modified_gmt":"2025-09-21T01:15:48","slug":"home","status":"publish","type":"page","link":"https:\/\/canadatibet.com\/fr\/home\/","title":{"rendered":"Home1"},"content":{"rendered":"<div  class=\"wp-block-ultimate-post-post-slider-1 ultp-block-544074\"><div class=\"ultp-block-wrapper\"><div class=\"ultp-block-items-wrap\" data-arrows=\"1\" data-dots=\"1\" data-autoplay=\"1\" data-slidespeed=\"3000\" data-fade=\"1\" data-slidelg=\"1\" data-slidesm=\"1\" data-slidexs=\"1\"><div class=\"ultp-block-item post-id-4711\"><div><div class=\"ultp-block-slider-wrap\"><div class=\"ultp-block-image-inner\"><div class=\"ultp-block-image\"><a href=\"https:\/\/canadatibet.com\/fr\/about-tibet\/\" ><img decoding=\"async\" loading=\"lazy\"  alt=\"About Tibet\"  src=\"https:\/\/canadatibet.com\/wp-content\/uploads\/2021\/10\/1.jpeg\" \/><\/a><\/div><\/div><div class=\"ultp-block-content ultp-block-content-middlePosition ultp-block-content-centerPosition\"><div class=\"ultp-block-content-inner\"><div class=\"ultp-category-grid ultp-category-borderBoth ultp-category-aboveTitle\"><div class=\"ultp-category-in\"><a class=\"ultp-cat-slide-show\" href=\"https:\/\/canadatibet.com\/fr\/category\/slide-show\/\"  >slide show<\/a><\/div><\/div><h3 class=\"ultp-block-title\"><a href=\"https:\/\/canadatibet.com\/fr\/about-tibet\/\" >About Tibet<\/a><\/h3><div class=\"ultp-block-meta ultp-block-meta-dash ultp-block-meta-icon\"><\/div><div class=\"ultp-block-excerpt\"><p>Tibet is often called the \u201cRoof of the World\u201d because it is situated on a high plateau in the Himalaya mountain range at an altitude of 4500 metres. Chinese troops first entered Tibet in 1949. In March 1959, a popular&hellip;<\/p>\n<\/div><div class=\"ultp-block-readmore\"><a aria-label=\"About Tibet\" href=\"https:\/\/canadatibet.com\/fr\/about-tibet\/\" >Read More<svg xmlns=\"http:\/\/www.w3.org\/2000\/svg\" fill=\"none\" viewbox=\"0 0 24 24\">\n  <path stroke=\"currentColor\" stroke-linecap=\"round\" stroke-linejoin=\"round\" stroke-width=\"1.5\" d=\"m12 20.5 8.5-8.5m0 0L12 3.5m8.5 8.5h-17\"\/>\n<\/svg>\n<\/a><\/div><\/div><\/div><\/div><\/div><\/div><div class=\"ultp-block-item post-id-4708\"><div><div class=\"ultp-block-slider-wrap\"><div class=\"ultp-block-image-inner\"><div class=\"ultp-block-image\"><a href=\"https:\/\/canadatibet.com\/fr\/ctc-impact\/\" ><img decoding=\"async\" loading=\"lazy\"  alt=\"CTC Impact\"  src=\"https:\/\/canadatibet.com\/wp-content\/uploads\/2021\/10\/ctcimpaxt.png\" \/><\/a><\/div><\/div><div class=\"ultp-block-content ultp-block-content-middlePosition ultp-block-content-centerPosition\"><div class=\"ultp-block-content-inner\"><div class=\"ultp-category-grid ultp-category-borderBoth ultp-category-aboveTitle\"><div class=\"ultp-category-in\"><a class=\"ultp-cat-slide-show\" href=\"https:\/\/canadatibet.com\/fr\/category\/slide-show\/\"  >slide show<\/a><\/div><\/div><h3 class=\"ultp-block-title\"><a href=\"https:\/\/canadatibet.com\/fr\/ctc-impact\/\" >CTC Impact<\/a><\/h3><div class=\"ultp-block-meta ultp-block-meta-dash ultp-block-meta-icon\"><\/div><div class=\"ultp-block-excerpt\"><p>Since 1987, the Canada Tibet Committee has been&nbsp;TIBET\u2019S VOICE IN OTTAWA.&nbsp;&nbsp;The CTC has brought members of the Tibetan community together with their Canadian supporters in order to deliver a common appeal to the Government of Canada.&nbsp;&nbsp;We have worked with Government&hellip;<\/p>\n<\/div><div class=\"ultp-block-readmore\"><a aria-label=\"CTC Impact\" href=\"https:\/\/canadatibet.com\/fr\/ctc-impact\/\" >Read More<svg xmlns=\"http:\/\/www.w3.org\/2000\/svg\" fill=\"none\" viewbox=\"0 0 24 24\">\n  <path stroke=\"currentColor\" stroke-linecap=\"round\" stroke-linejoin=\"round\" stroke-width=\"1.5\" d=\"m12 20.5 8.5-8.5m0 0L12 3.5m8.5 8.5h-17\"\/>\n<\/svg>\n<\/a><\/div><\/div><\/div><\/div><\/div><\/div><div class=\"ultp-block-item post-id-4295\"><div><div class=\"ultp-block-slider-wrap\"><div class=\"ultp-block-image-inner\"><div class=\"ultp-block-image\"><a href=\"https:\/\/canadatibet.com\/fr\/nullam-non-vehicula-nunc\/\" ><img decoding=\"async\" loading=\"lazy\"  alt=\"The Evolution of Canada\u2019s Tibet Policy\"  src=\"https:\/\/canadatibet.com\/wp-content\/uploads\/2023\/06\/Screenshot-2023-06-19-at-3.20.05-PM.png\" \/><\/a><\/div><\/div><div class=\"ultp-block-content ultp-block-content-middlePosition ultp-block-content-centerPosition\"><div class=\"ultp-block-content-inner\"><div class=\"ultp-category-grid ultp-category-borderBoth ultp-category-aboveTitle\"><div class=\"ultp-category-in\"><a class=\"ultp-cat-report\" href=\"https:\/\/canadatibet.com\/fr\/category\/report\/\"  >Rapport<\/a><a class=\"ultp-cat-slide-show\" href=\"https:\/\/canadatibet.com\/fr\/category\/slide-show\/\"  >slide show<\/a><\/div><\/div><h3 class=\"ultp-block-title\"><a href=\"https:\/\/canadatibet.com\/fr\/nullam-non-vehicula-nunc\/\" >The Evolution of Canada\u2019s Tibet Policy<\/a><\/h3><div class=\"ultp-block-meta ultp-block-meta-dash ultp-block-meta-icon\"><\/div><div class=\"ultp-block-excerpt\"><p>The Evolution of Canada\u2019s Tibet Policy Until 1969, Canadian support for the Tibetan government was often tentative, but steady. Early correspondence between Canadian diplomats in Peking and New Delhi and their counterparts in Ottawa describes Tibet as an independent state&hellip;<\/p>\n<\/div><div class=\"ultp-block-readmore\"><a aria-label=\"The Evolution of Canada\u2019s Tibet Policy\" href=\"https:\/\/canadatibet.com\/fr\/nullam-non-vehicula-nunc\/\" >Read More<svg xmlns=\"http:\/\/www.w3.org\/2000\/svg\" fill=\"none\" viewbox=\"0 0 24 24\">\n  <path stroke=\"currentColor\" stroke-linecap=\"round\" stroke-linejoin=\"round\" stroke-width=\"1.5\" d=\"m12 20.5 8.5-8.5m0 0L12 3.5m8.5 8.5h-17\"\/>\n<\/svg>\n<\/a><\/div><\/div><\/div><\/div><\/div><\/div><\/div><div class=\"ultp-slick-nav\" style=\"display:none\"><div class=\"ultp-slick-prev\"><div class=\"slick-arrow slick-prev\"><svg xmlns=\"http:\/\/www.w3.org\/2000\/svg\" fill=\"none\" viewbox=\"0 0 24 24\">\n  <path stroke=\"currentColor\" stroke-linecap=\"round\" stroke-linejoin=\"round\" stroke-width=\"1.5\" d=\"m15 18-6-6 6-6\"\/>\n<\/svg>\n<\/div><\/div><div class=\"ultp-slick-next\"><div class=\"slick-arrow slick-next\"><svg xmlns=\"http:\/\/www.w3.org\/2000\/svg\" fill=\"none\" viewbox=\"0 0 24 24\">\n  <path stroke=\"currentColor\" stroke-linecap=\"round\" stroke-linejoin=\"round\" stroke-width=\"1.5\" d=\"m9 18 6-6-6-6\"\/>\n<\/svg>\n<\/div><\/div><\/div><\/div><\/div>\n\n\n<div class=\"wp-block-columns alignfull is-layout-flex wp-container-core-columns-is-layout-28f84493 wp-block-columns-is-layout-flex\">\n<div class=\"wp-block-column is-layout-flow wp-block-column-is-layout-flow\">\n<div class=\"wp-block-columns alignfull is-layout-flex wp-container-core-columns-is-layout-28f84493 wp-block-columns-is-layout-flex\">\n<div class=\"wp-block-column is-layout-flow wp-block-column-is-layout-flow\"><div  class=\"wp-block-ultimate-post-heading ultp-block-474b33 aligncenter\"><div class=\"ultp-block-wrapper\"><div class=\"ultp-heading-wrap ultp-heading-style7 ultp-heading-center\"><p class=\"ultp-heading-inner\"><span>News Update<\/span><\/p><\/div><\/div><\/div>\n\n<p>[psac_post_carousel design=&#8221;design-2&#8243; category=&#8221;14&#8243; show_content=&#8221;false&#8221; show_category=&#8221;false&#8221; dots=&#8221;false&#8221;]<\/p>\n<\/div>\n<\/div>\n\n\n\n<div class=\"wp-block-columns is-layout-flex wp-container-core-columns-is-layout-28f84493 wp-block-columns-is-layout-flex\">\n<div class=\"wp-block-column is-layout-flow wp-block-column-is-layout-flow\">\n<div class=\"wp-block-columns is-layout-flex wp-container-core-columns-is-layout-28f84493 wp-block-columns-is-layout-flex\">\n<div class=\"wp-block-column is-layout-flow wp-block-column-is-layout-flow\"><a class=\"iheg-wrapper\" href=\"https:\/\/canadatibet.com\/fr\/advocacy\/\"  ><div class=\"eihe-box eihe-fade-in-left\" style=\"background: rgba(242,30,15,1);border-radius:0px 0px 0px 0px;\"><img decoding=\"async\" loading=\"lazy\" src=\"https:\/\/canadatibet.com\/wp-content\/uploads\/2021\/10\/ADVOCACY.jpg\" alt=\"\"\/><div class=\"eihe-caption\" style=\"background: rgba(242,30,15,1);\"><div class=\"eihe-title-cover\"><h3 class=\"eihe-title\">D\u00e9fense des int\u00e9r\u00eats<\/h3>\t<\/div><p>Canada-Tibet<\/p><\/div><\/div><\/a><\/div>\n\n\n\n<div class=\"wp-block-column is-layout-flow wp-block-column-is-layout-flow\"><a class=\"iheg-wrapper\" href=\"https:\/\/canadatibet.com\/fr\/campaign\/\"  ><div class=\"eihe-box eihe-slide-up\" style=\"background: rgba(255,223,13,1);border-radius:0px 0px 0px 0px;\"><img decoding=\"async\" loading=\"lazy\" src=\"https:\/\/canadatibet.com\/wp-content\/uploads\/2021\/10\/CAMPAIGN-1.jpg\" alt=\"\"\/><div class=\"eihe-caption\" style=\"background: rgba(255,223,13,1);\"><div class=\"eihe-title-cover\"><h3 class=\"eihe-title\">Campaign<\/h3>\t<\/div><p>Canada-Tibet<\/p><\/div><\/div><\/a><\/div>\n\n\n\n<div class=\"wp-block-column is-layout-flow wp-block-column-is-layout-flow\"><a class=\"iheg-wrapper\" href=\"https:\/\/canadatibet.com\/fr\/subscribe\/\"  ><div class=\"eihe-box eihe-fade-in-right\" style=\"background: rgba(9,180,253,1);border-radius:0px 0px 0px 0px;\"><img decoding=\"async\" loading=\"lazy\" src=\"https:\/\/canadatibet.com\/wp-content\/uploads\/2021\/10\/JOIN-US.jpg\" alt=\"\"\/><div class=\"eihe-caption\" style=\"background: rgba(9,180,253,1);\"><div class=\"eihe-title-cover\"><h3 class=\"eihe-title\">Join Us<\/h3>\t<\/div><p>Canada-Tibet<\/p><\/div><\/div><\/a><\/div>\n<\/div>\n<\/div>\n<\/div>\n\n\n\n<p><\/p>\n<\/div>\n<\/div>\n\n\n\n<p><\/p>","protected":false},"excerpt":{"rendered":"","protected":false},"author":1,"featured_media":0,"parent":0,"menu_order":0,"comment_status":"closed","ping_status":"closed","template":"","meta":{"give_campaign_id":0,"nf_dc_page":"","footnotes":""},"class_list":["post-30","page","type-page","status-publish","hentry"],"yoast_head":"<!-- This site is optimized with the Yoast SEO plugin v27.6 - https:\/\/yoast.com\/product\/yoast-seo-wordpress\/ -->\n<title>Home1 - Canada Tibet<\/title>\n<meta name=\"robots\" content=\"index, follow, max-snippet:-1, max-image-preview:large, max-video-preview:-1\" \/>\n<link rel=\"canonical\" href=\"https:\/\/canadatibet.com\/fr\/home\/\" \/>\n<meta property=\"og:locale\" content=\"fr_CA\" \/>\n<meta property=\"og:type\" content=\"article\" \/>\n<meta property=\"og:title\" content=\"Home1 - Canada Tibet\" \/>\n<meta property=\"og:url\" content=\"https:\/\/canadatibet.com\/fr\/home\/\" \/>\n<meta property=\"og:site_name\" content=\"Canada Tibet\" \/>\n<meta property=\"article:modified_time\" content=\"2025-09-21T01:15:48+00:00\" \/>\n<meta name=\"twitter:card\" content=\"summary_large_image\" \/>\n<meta name=\"twitter:label1\" content=\"Estimation du temps de lecture\" \/>\n\t<meta name=\"twitter:data1\" content=\"2 minutes\" \/>\n<script type=\"application\/ld+json\" class=\"yoast-schema-graph\">{\"@context\":\"https:\\\/\\\/schema.org\",\"@graph\":[{\"@type\":\"WebPage\",\"@id\":\"https:\\\/\\\/canadatibet.com\\\/home\\\/\",\"url\":\"https:\\\/\\\/canadatibet.com\\\/home\\\/\",\"name\":\"Home1 - Canada Tibet\",\"isPartOf\":{\"@id\":\"https:\\\/\\\/canadatibet.com\\\/#website\"},\"datePublished\":\"2020-04-13T11:18:54+00:00\",\"dateModified\":\"2025-09-21T01:15:48+00:00\",\"breadcrumb\":{\"@id\":\"https:\\\/\\\/canadatibet.com\\\/home\\\/#breadcrumb\"},\"inLanguage\":\"fr-CA\",\"potentialAction\":[{\"@type\":\"ReadAction\",\"target\":[\"https:\\\/\\\/canadatibet.com\\\/home\\\/\"]}]},{\"@type\":\"BreadcrumbList\",\"@id\":\"https:\\\/\\\/canadatibet.com\\\/home\\\/#breadcrumb\",\"itemListElement\":[{\"@type\":\"ListItem\",\"position\":1,\"name\":\"Home\",\"item\":\"https:\\\/\\\/canadatibet.com\\\/\"},{\"@type\":\"ListItem\",\"position\":2,\"name\":\"Home1\"}]},{\"@type\":\"WebSite\",\"@id\":\"https:\\\/\\\/canadatibet.com\\\/#website\",\"url\":\"https:\\\/\\\/canadatibet.com\\\/\",\"name\":\"Canada Tibet\",\"description\":\"COMMITEE\",\"publisher\":{\"@id\":\"https:\\\/\\\/canadatibet.com\\\/#organization\"},\"potentialAction\":[{\"@type\":\"SearchAction\",\"target\":{\"@type\":\"EntryPoint\",\"urlTemplate\":\"https:\\\/\\\/canadatibet.com\\\/?s={search_term_string}\"},\"query-input\":{\"@type\":\"PropertyValueSpecification\",\"valueRequired\":true,\"valueName\":\"search_term_string\"}}],\"inLanguage\":\"fr-CA\"},{\"@type\":\"Organization\",\"@id\":\"https:\\\/\\\/canadatibet.com\\\/#organization\",\"name\":\"Canada Tibet\",\"url\":\"https:\\\/\\\/canadatibet.com\\\/\",\"logo\":{\"@type\":\"ImageObject\",\"inLanguage\":\"fr-CA\",\"@id\":\"https:\\\/\\\/canadatibet.com\\\/#\\\/schema\\\/logo\\\/image\\\/\",\"url\":\"https:\\\/\\\/canadatibet.com\\\/wp-content\\\/uploads\\\/2021\\\/08\\\/cropped-ctc-1.png\",\"contentUrl\":\"https:\\\/\\\/canadatibet.com\\\/wp-content\\\/uploads\\\/2021\\\/08\\\/cropped-ctc-1.png\",\"width\":505,\"height\":112,\"caption\":\"Canada Tibet\"},\"image\":{\"@id\":\"https:\\\/\\\/canadatibet.com\\\/#\\\/schema\\\/logo\\\/image\\\/\"}}]}<\/script>\n<!-- \/ Yoast SEO plugin. -->","yoast_head_json":{"title":"Home1 - Canada Tibet","robots":{"index":"index","follow":"follow","max-snippet":"max-snippet:-1","max-image-preview":"max-image-preview:large","max-video-preview":"max-video-preview:-1"},"canonical":"https:\/\/canadatibet.com\/fr\/home\/","og_locale":"fr_CA","og_type":"article","og_title":"Home1 - Canada Tibet","og_url":"https:\/\/canadatibet.com\/fr\/home\/","og_site_name":"Canada Tibet","article_modified_time":"2025-09-21T01:15:48+00:00","twitter_card":"summary_large_image","twitter_misc":{"Estimation du temps de lecture":"2 minutes"},"schema":{"@context":"https:\/\/schema.org","@graph":[{"@type":"WebPage","@id":"https:\/\/canadatibet.com\/home\/","url":"https:\/\/canadatibet.com\/home\/","name":"Home1 - Canada Tibet","isPartOf":{"@id":"https:\/\/canadatibet.com\/#website"},"datePublished":"2020-04-13T11:18:54+00:00","dateModified":"2025-09-21T01:15:48+00:00","breadcrumb":{"@id":"https:\/\/canadatibet.com\/home\/#breadcrumb"},"inLanguage":"fr-CA","potentialAction":[{"@type":"ReadAction","target":["https:\/\/canadatibet.com\/home\/"]}]},{"@type":"BreadcrumbList","@id":"https:\/\/canadatibet.com\/home\/#breadcrumb","itemListElement":[{"@type":"ListItem","position":1,"name":"Home","item":"https:\/\/canadatibet.com\/"},{"@type":"ListItem","position":2,"name":"Home1"}]},{"@type":"WebSite","@id":"https:\/\/canadatibet.com\/#website","url":"https:\/\/canadatibet.com\/","name":"Canada Tibet","description":"COMMITEE","publisher":{"@id":"https:\/\/canadatibet.com\/#organization"},"potentialAction":[{"@type":"SearchAction","target":{"@type":"EntryPoint","urlTemplate":"https:\/\/canadatibet.com\/?s={search_term_string}"},"query-input":{"@type":"PropertyValueSpecification","valueRequired":true,"valueName":"search_term_string"}}],"inLanguage":"fr-CA"},{"@type":"Organization","@id":"https:\/\/canadatibet.com\/#organization","name":"Canada Tibet","url":"https:\/\/canadatibet.com\/","logo":{"@type":"ImageObject","inLanguage":"fr-CA","@id":"https:\/\/canadatibet.com\/#\/schema\/logo\/image\/","url":"https:\/\/canadatibet.com\/wp-content\/uploads\/2021\/08\/cropped-ctc-1.png","contentUrl":"https:\/\/canadatibet.com\/wp-content\/uploads\/2021\/08\/cropped-ctc-1.png","width":505,"height":112,"caption":"Canada Tibet"},"image":{"@id":"https:\/\/canadatibet.com\/#\/schema\/logo\/image\/"}}]}},"campaignId":"","_links":{"self":[{"href":"https:\/\/canadatibet.com\/fr\/wp-json\/wp\/v2\/pages\/30","targetHints":{"allow":["GET"]}}],"collection":[{"href":"https:\/\/canadatibet.com\/fr\/wp-json\/wp\/v2\/pages"}],"about":[{"href":"https:\/\/canadatibet.com\/fr\/wp-json\/wp\/v2\/types\/page"}],"author":[{"embeddable":true,"href":"https:\/\/canadatibet.com\/fr\/wp-json\/wp\/v2\/users\/1"}],"replies":[{"embeddable":true,"href":"https:\/\/canadatibet.com\/fr\/wp-json\/wp\/v2\/comments?post=30"}],"version-history":[{"count":5,"href":"https:\/\/canadatibet.com\/fr\/wp-json\/wp\/v2\/pages\/30\/revisions"}],"predecessor-version":[{"id":6387,"href":"https:\/\/canadatibet.com\/fr\/wp-json\/wp\/v2\/pages\/30\/revisions\/6387"}],"wp:attachment":[{"href":"https:\/\/canadatibet.com\/fr\/wp-json\/wp\/v2\/media?parent=30"}],"curies":[{"name":"wp","href":"https:\/\/api.w.org\/{rel}","templated":true}]}}